{"id":948,"date":"2019-10-11T12:11:42","date_gmt":"2019-10-11T10:11:42","guid":{"rendered":"http:\/\/kariera.wlodkowic.pl\/?page_id=948"},"modified":"2019-10-11T14:55:18","modified_gmt":"2019-10-11T12:55:18","slug":"najlepsze-praktyki-w-poszukiwaniu-pracy-sprawdz-jak-szukac-pracy","status":"publish","type":"page","link":"https:\/\/kariera.wlodkowic.pl\/index.php\/najlepsze-praktyki-w-poszukiwaniu-pracy-sprawdz-jak-szukac-pracy\/","title":{"rendered":"Najlepsze praktyki w poszukiwaniu pracy. Sprawd\u017a, jak szuka\u0107 pracy !"},"content":{"rendered":"\n<p style=\"color:#1700a3\" class=\"has-text-color\"><em>Prawie ka\u017cdy z nas, pr\u0119dzej czy p\u00f3\u017aniej, staje przed wyzwaniem znalezienia pracy. Nie ukrywam, \u017ce cz\u0119sto nie nale\u017cy to do naj\u0142atwiejszych zada\u0144. Co zatem zrobi\u0107, aby sprawnie znale\u017a\u0107 zatrudnienie, na dodatek takie, kt\u00f3re spe\u0142nia Twoje oczekiwania? Recepta jest prosta !<\/em><\/p>\n\n\n\n<div class=\"wp-block-image\"><figure class=\"aligncenter is-resized\"><img loading=\"lazy\" decoding=\"async\" src=\"http:\/\/kariera.wlodkowic.pl\/wp-content\/uploads\/2019\/10\/Poradnik-banner-1.jpeg\" alt=\"\" class=\"wp-image-953\" width=\"648\" height=\"364\"\/><\/figure><\/div>\n\n\n\n<p>Wkraczaj\u0105c na rynek pracy, Twoje wyobra\u017cenie o pracy, kt\u00f3ra w zasadzie \u201cle\u017cy na ulicy\u201d mo\u017ce ulec lekkiemu zniekszta\u0142ceniu. Owszem, posiadanie wykszta\u0142cenia wy\u017cszego to na pewno jeden z Twoich walor\u00f3w, ale\u2026nie koniecznie przepustka do znalezienia pracy.<br><strong>Jak zatem poradzi\u0107 sobie na rynku pracy ?<\/strong><br>Mam nadziej\u0119, \u017ce kilka poni\u017cszych wskaz\u00f3wek u\u0142atwi Ci znalezienie wymarzonej pracy.<\/p>\n\n\n\n<p><strong>Poszukiwania pracy w wersji online i offline<\/strong><br>Poszukuj\u0105c odpowiedniej pracy, nie warto ogranicza\u0107 si\u0119 do <a rel=\"noreferrer noopener\" aria-label=\" (otwiera si\u0119 na nowej zak\u0142adce)\" href=\"https:\/\/www.employear.com\/wyszukiwarki-ofert-pracy.html\" target=\"_blank\"><strong>jednego portalu pracy<\/strong><\/a>, czy wyszukiwarki. Postaraj si\u0119 skrupulatnie przewertowa\u0107, dopasowane do Twoich preferencji, oferty pracy, aby potem nie \u017ca\u0142owa\u0107, \u017ce godna uwagi propozycja przemkn\u0119\u0142a Ci ko\u0142o nosa. <br>Jest to r\u00f3wnie\u017c \u015bwietna okazja, aby zaznajomi\u0107 si\u0119 z sytuacj\u0105 w danej bran\u017cy na lokalnym rynku pracy. Chocia\u017cby po to, by por\u00f3wna\u0107 zarobki na tym samym stanowisku w r\u00f3\u017cnych firmach. <br>Je\u015bli nie satysfakcjonuj\u0105 Ci\u0119 dotychczasowe wyniki Twoich poszukiwa\u0144, to koniecznie wybierz si\u0119 na<strong> targi pracy.<\/strong> Sprawd\u017a, <a rel=\"noreferrer noopener\" aria-label=\" (otwiera si\u0119 na nowej zak\u0142adce)\" href=\"https:\/\/www.employear.com\/wydarzenia\" target=\"_blank\"><strong>gdzie w najbli\u017cszym czasie<\/strong><\/a> i w Twojej okolicy takowe si\u0119 odb\u0119d\u0105. <\/p>\n\n\n\n<p><strong>Skorzystaj z mo\u017cliwo\u015bci, jakie nios\u0105 takie inicjatywy. Przede wszystkim to dobry czas na:<\/strong><br> \u25cf    spokojne przejrzenie aktualnych ofert pracy, <br> \u25cf    rozmow\u0119 z przedstawicielami pracodawc\u00f3w o warunkach pracy i pojawiaj\u0105cych si\u0119 w\u0105tpliwo\u015bciach,<br> \u25cf    skonsultowanie swojej \u015bcie\u017cki zawodowej i dokument\u00f3w aplikacyjnych z doradcami zawodowymi.<\/p>\n\n\n\n<p><strong>Zestawienie do\u015bwiadczenia z wymaganiami pracodawc\u00f3w<\/strong><br>Kr\u00f3tki \u201crachunek sumienia\u201d jest jak najbardziej wskazany. Przede wszystkim zestaw swoje faktyczne umiej\u0119tno\u015bci z tym, czego oczekuj\u0105 pracodawcy. <br><strong>Jak to zrobi\u0107 ? <\/strong><br>Odpowied\u017a jest prosta, poniewa\u017c ju\u017c w wi\u0119kszo\u015bci ofert pracy s\u0105 wymienione wymagania pracodawcy. Je\u015bli je spe\u0142niasz, nic nie stoi na przeszkodzie, aby aplikowa\u0107 na to konkretne stanowisko.<br>Przed wys\u0142aniem swojego CV zastan\u00f3w si\u0119, czy miejsce do kt\u00f3rego aplikujesz oraz to konkretne stanowisko jest tym czego szukasz. Nie marnuj czasu na oferty pracy, kt\u00f3re tak naprawd\u0119 Ci\u0119 nie interesuj\u0105.<\/p>\n\n\n\n<p><strong>Zweryfikuj pracodawc\u0119 oraz\u2026 siebie<\/strong><br>W zasadzie zanim zaczniesz poszukiwa\u0107 pracy, powiniene\u015b przejrze\u0107 swoje profile w serwisach spo\u0142eczno\u015bciowych. Je\u017celi nie chcesz, aby kto\u015b przegl\u0105da\u0142 twoje post na Facebook\u2019u czy zdj\u0119cia na Instagramie, zajrzyj w ustawienia prywatno\u015bci. <br>Pami\u0119taj jednak, \u017ce jest to rozwi\u0105zanie na kr\u00f3tk\u0105 met\u0119. Najlepiej pousuwaj wszelkie kompromituj\u0105ce zdj\u0119cia i wpisy, aby nie naje\u015b\u0107 si\u0119 wstydu.<br>Tak samo jak pracodawca sprawdza kandydata, tak samo Ty powiniene\u015b zweryfikowa\u0107 miejsce, do kt\u00f3rego aplikujesz. Wiarygodno\u015b\u0107 pracodawcy mo\u017cesz sprawdzi\u0107 w KRS, za\u015b opinie o nim w serwisach zawodowych.<br>Nie zaniedbuj swoich profili zawodowych w serwisach typu LinkedIn czy GoldenLine &#8211; tutaj r\u00f3wnie\u017c mo\u017cesz znale\u017a\u0107 prac\u0119 dla siebie. A czasami nawet praca pierwsza si\u0119 do Ciebie odezwie \ud83d\ude42<\/p>\n\n\n\n<p><strong>CV skrojone na miar\u0119<\/strong><br>Za\u0142\u00f3\u017cmy, \u017ce przegl\u0105daj\u0105c oferty pracy znalaz\u0142e\u015b kilka interesuj\u0105cych Ci\u0119 pozycji. No w\u0142a\u015bnie, kilka ! Pami\u0119taj, \u017ce nie ma sensu wysy\u0142a\u0107 hurtowej ilo\u015bci Curriculum vitae.  <strong>Dlaczego?<\/strong><\/p>\n\n\n\n<ol class=\"wp-block-list\"><li>Przede wszystkim, nie jeste\u015b w stanie przygotowa\u0107 kilkudziesi\u0119ciu CV, kt\u00f3re b\u0119d\u0105 dostosowane do konkretnych ofert pracy.<\/li><li>Po drugie, wymaga to du\u017co energii i pracy, dlatego lepiej skupi\u0107 si\u0119 na kilku z nich, ale po prostu zrobi\u0107 to lepiej.<\/li><li>Po trzecie, pogubisz si\u0119 w tym gdzie wysy\u0142a\u0142e\u015b swoj\u0105 aplikacj\u0119. A uwierz, nie ma nic gorszego ni\u017c nie orientowa\u0107 si\u0119, z jakiej firmy dzwoni do nas rekruter.<\/li><li>Ko\u0144cz\u0105c, pracodawca dobrze zdaje sobie spraw\u0119, czy nades\u0142ane CV jest Twoim <a rel=\"noreferrer noopener\" aria-label=\" (otwiera si\u0119 na nowej zak\u0142adce)\" href=\"https:\/\/www.employear.com\/popularne-bledy-w-curriculum-vitae.html\" target=\"_blank\"><strong>uniwersalnym CV<\/strong><\/a>, kt\u00f3re wys\u0142a\u0142e\u015b do jeszcze kilkunastu firm. Niestety, ale mo\u017ce mie\u0107 obawy, \u017ce nie traktujesz jego oferty pracy powa\u017cnie. Pojawi\u0105 si\u0119 r\u00f3wnie\u017c w\u0105tpliwo\u015bci, czy przypadkiem nie jeste\u015b ju\u017c w trakcie kilku proces\u00f3w rekrutacyjnych.<\/li><\/ol>\n\n\n\n<p><strong>Skuteczne CV to podstawa<\/strong><br>Tak, to fakt ! CV jest Twoj\u0105 wizyt\u00f3wk\u0105. <br>Aby zrobi\u0142o wra\u017cenie na pracodawcy, musi posiada\u0107 wszystkie niezb\u0119dne elementy, by\u0107 w miar\u0119 mo\u017cliwo\u015bci zwi\u0119z\u0142e i czytelne. Pami\u0119taj, \u017ce musi mie\u0107 r\u00f3wnie\u017c to &#8222;co\u015b\u201d, co wyr\u00f3\u017cni je spo\u015br\u00f3d innych dokument\u00f3w aplikacyjnych. <br><strong>Mo\u017cesz zdecydowa\u0107 si\u0119 na: <\/strong><br> \u25cf    ciekawe graficzne CV, <br> \u25cf    podkre\u015blenie swojego dotychczasowego do\u015bwiadczenia zawodowego, kt\u00f3re jest Twoj\u0105 mocn\u0105 stron\u0105, <br> \u25cf    albo po prostu postaw na konkretny <a rel=\"noreferrer noopener\" aria-label=\" (otwiera si\u0119 na nowej zak\u0142adce)\" href=\"https:\/\/www.employear.com\/jak-napisac-skuteczne-cv.html\" target=\"_blank\"><strong>opis kandydata<\/strong><\/a><strong> <\/strong>w nag\u0142\u00f3wku CV, kt\u00f3ry przypadnie do gustu rekruterowi. <\/p>\n\n\n\n<p>Wielu kandydat\u00f3w, kt\u00f3rych mia\u0142am okazj\u0119 rekrutowa\u0107, przekona\u0142a mnie do siebie w\u0142a\u015bnie swoim podsumowaniem, w kt\u00f3rym umie\u015bcili sw\u00f3j cel zawodowy w tej konkretnej firmie !<\/p>\n\n\n\n<p><strong>Nie pope\u0142nij b\u0142\u0119du na finiszu<\/strong><br>Przed wys\u0142aniem swojego CV, nie zapomnij o kilku rzeczach, kt\u00f3re mog\u0105 Ci\u0119 ju\u017c na starcie zdyskwalifikowa\u0107:<br> \u25cf    Przede wszystkim nie zapomnij o dodaniu swoich danych kontaktowych i <a rel=\"noreferrer noopener\" aria-label=\" (otwiera si\u0119 na nowej zak\u0142adce)\" href=\"https:\/\/www.employear.com\/klauzula-w-cv.html\" target=\"_blank\"><strong>klauzuli<\/strong><\/a> o ochronie danych osobowych;<br> \u25cf    sprawd\u017a, czy nie pope\u0142ni\u0142e\u015b b\u0142\u0119d\u00f3w gramatycznych i ortograficznych;<br> \u25cf    zapisz plik, kt\u00f3ry zamierzasz wys\u0142a\u0107, w formacie PDF i nazwij go swoim imieniem i nazwiskiem;<br> \u25cf    doczytaj, czy pracodawca wymaga przes\u0142ania CV w wersji elektronicznej czy papierowej oraz czy oczekuje listu motywacyjnego;<br> \u25cf    przesy\u0142aj\u0105c CV na maila skorzystaj ze swojej profesjonalnego adresu.<\/p>\n\n\n\n<p>Je\u015bli uwa\u017casz, \u017ce zrobi\u0142e\u015b wszystko co w Twojej mocy, to nie pozostaje Ci nic innego, jak wys\u0142a\u0107 swoje CV! <br>Nast\u0119pny krok to telefon od pracodawcy z zaproszeniem na <a rel=\"noreferrer noopener\" aria-label=\" (otwiera si\u0119 na nowej zak\u0142adce)\" href=\"https:\/\/www.employear.com\/rozmowa-kwalifikacyjna-jak-sie-przygotowac.html\" target=\"_blank\"><strong>rozmow\u0119 kwalifikacyjn\u0105<\/strong><\/a>. Nie czekaj i ju\u017c dzisiaj zacznij do niej przygotowania. Powodzenia!<\/p>\n\n\n\n<p style=\"color:#4800a3\" class=\"has-text-color\"><em><strong>Martyna Jasielska &#8211; Employear.com<\/strong><br>Specjalistka do spraw HR. W human resources niezmiennie od 2010 roku. Specjalizuje si\u0119 w pozyskiwaniu kandydat\u00f3w z sektora IT dla najwi\u0119kszych firm w bran\u017cy technologicznej. <a rel=\"noreferrer noopener\" aria-label=\" (otwiera si\u0119 na nowej zak\u0142adce)\" href=\"https:\/\/www.employear.com\/\" target=\"_blank\"><strong>W employear.com<\/strong><\/a> odpowiada za publikacje wpieraj\u0105ce osoby poszukuj\u0105ce pracy.<\/em><\/p>\n","protected":false},"excerpt":{"rendered":"<p>Prawie ka\u017cdy z nas, pr\u0119dzej czy p\u00f3\u017aniej, staje przed wyzwaniem znalezienia pracy. Nie ukrywam, \u017ce cz\u0119sto nie nale\u017cy to do naj\u0142atwiejszych zada\u0144. Co zatem zrobi\u0107, aby sprawnie znale\u017a\u0107 zatrudnienie, na dodatek takie, kt\u00f3re spe\u0142nia Twoje oczekiwania? Recepta jest prosta ! <span class=\"readmore\"><a href=\"https:\/\/kariera.wlodkowic.pl\/index.php\/najlepsze-praktyki-w-poszukiwaniu-pracy-sprawdz-jak-szukac-pracy\/\">Czytaj dalej<\/a><\/span><\/p>\n","protected":false},"author":2,"featured_media":0,"parent":0,"menu_order":0,"comment_status":"closed","ping_status":"closed","template":"","meta":{"footnotes":""},"class_list":["post-948","page","type-page","status-publish","hentry"],"_links":{"self":[{"href":"https:\/\/kariera.wlodkowic.pl\/index.php\/wp-json\/wp\/v2\/pages\/948","targetHints":{"allow":["GET"]}}],"collection":[{"href":"https:\/\/kariera.wlodkowic.pl\/index.php\/wp-json\/wp\/v2\/pages"}],"about":[{"href":"https:\/\/kariera.wlodkowic.pl\/index.php\/wp-json\/wp\/v2\/types\/page"}],"author":[{"embeddable":true,"href":"https:\/\/kariera.wlodkowic.pl\/index.php\/wp-json\/wp\/v2\/users\/2"}],"replies":[{"embeddable":true,"href":"https:\/\/kariera.wlodkowic.pl\/index.php\/wp-json\/wp\/v2\/comments?post=948"}],"version-history":[{"count":11,"href":"https:\/\/kariera.wlodkowic.pl\/index.php\/wp-json\/wp\/v2\/pages\/948\/revisions"}],"predecessor-version":[{"id":971,"href":"https:\/\/kariera.wlodkowic.pl\/index.php\/wp-json\/wp\/v2\/pages\/948\/revisions\/971"}],"wp:attachment":[{"href":"https:\/\/kariera.wlodkowic.pl\/index.php\/wp-json\/wp\/v2\/media?parent=948"}],"curies":[{"name":"wp","href":"https:\/\/api.w.org\/{rel}","templated":true}]}}