{"id":920,"date":"2019-10-01T11:26:47","date_gmt":"2019-10-01T09:26:47","guid":{"rendered":"http:\/\/kariera.wlodkowic.pl\/?page_id=920"},"modified":"2019-10-01T11:26:47","modified_gmt":"2019-10-01T09:26:47","slug":"jak-negocjowac-podwyzke","status":"publish","type":"page","link":"https:\/\/kariera.wlodkowic.pl\/index.php\/jak-negocjowac-podwyzke\/","title":{"rendered":"Jak negocjowa\u0107 podwy\u017ck\u0119 ?"},"content":{"rendered":"\n<p style=\"color:#0024a3\" class=\"has-text-color\"><em>Na poczucie satysfakcji zawodowej w du\u017cej mierze wp\u0142ywa wysoko\u015b\u0107 zarobk\u00f3w. Je\u015bli masz wra\u017cenie, \u017ce nie jeste\u015b doceniany pod wzgl\u0119dem finansowym, nie b\u00f3j si\u0119 poprosi\u0107 o podwy\u017ck\u0119. Przygotuj konkretne argumenty. Sprawd\u017a, o czym jeszcze musisz pami\u0119ta\u0107 przy negocjowaniu warunk\u00f3w pracy.<\/em><\/p>\n\n\n\n<div class=\"wp-block-image\"><figure class=\"aligncenter is-resized\"><img loading=\"lazy\" decoding=\"async\" src=\"http:\/\/kariera.wlodkowic.pl\/wp-content\/uploads\/2019\/10\/9.jpeg\" alt=\"\" class=\"wp-image-921\" width=\"534\" height=\"356\"\/><\/figure><\/div>\n\n\n\n<ol class=\"wp-block-list\"><li><strong>Poznaj sytuacj\u0119 w bran\u017cy<\/strong><br> Zanim zaczniesz negocjowa\u0107 podwy\u017ck\u0119, dok\u0142adnie przeanalizuj swoje szanse na otrzymanie wy\u017cszego wynagrodzenia, bior\u0105c pod uwag\u0119 aktualn\u0105 sytuacj\u0119 rynkow\u0105. Poznaj stawki oferowane przez konkurencj\u0119 i sprawd\u017a zarobki na podobnych stanowiskach. Mo\u017cesz skorzysta\u0107 z praktycznej wyszukiwarki <a href=\"https:\/\/zarobki.pracuj.pl\/\">https:\/\/zarobki.pracuj.pl\/<\/a>, kt\u00f3ra dodatkowo okre\u015bli, co wp\u0142ywa na wysoko\u015b\u0107 wynagrodzenia w danym zawodzie.<\/li><li><strong>Poka\u017c, jakie s\u0105 Twoje najwa\u017cniejsze zalety<\/strong><br> Przed negocjowaniem podwy\u017cki warto zastanowi\u0107 si\u0119 nad swoimi dotychczasowymi osi\u0105gni\u0119ciami zawodowymi. Je\u015bli pracodawca u\u015bwiadomi sobie, \u017ce posiadane umiej\u0119tno\u015bci rzeczywi\u015bcie s\u0105 przydatne na danym stanowisku, ch\u0119tniej przychyli si\u0119 do wniosku o podwy\u017ck\u0119. Mo\u017cna pochwali\u0107 si\u0119 zdobytymi certyfikatami oraz opowiedzie\u0107 o planowanych dzia\u0142aniach z my\u015bl\u0105 o doskonaleniu w\u0142asnych kompetencji. Ambitni pracownicy, kt\u00f3rzy s\u0105 \u015bwiadomi swojej warto\u015bci, maj\u0105 wi\u0119ksze szanse na otrzymanie wy\u017cszego wynagrodzenia.<\/li><li><strong>Udowodnij, \u017ce jeste\u015b warto\u015bciowym pracownikiem<\/strong><br> Podczas negocjowania podwy\u017cki dobrym pomys\u0142em jest podzielenie si\u0119 z pracodawc\u0105 swoimi pomys\u0142ami dotycz\u0105cymi dalszego rozwoju firmy. Dzi\u0119ki temu Tw\u00f3j szef u\u015bwiadomi sobie, jak wiele korzy\u015bci wi\u0105\u017ce si\u0119 z Twoim zatrudnieniem i by\u0107 mo\u017ce zadecyduje o ustaleniu wy\u017cszego wynagrodzenia.<br> <\/li><\/ol>\n\n\n\n<p>Sukces negocjacyjny zale\u017cy m.in.\nod odpowiedniego przygotowania do rozmowy z prze\u0142o\u017conym. Zgromad\u017a przekonuj\u0105ce\nargumenty. Zadbaj tak\u017ce o w\u0142a\u015bciw\u0105 mow\u0119 cia\u0142a. Mo\u017cesz zastosowa\u0107 techniki\nrelaksacyjne, aby lepiej zapanowa\u0107 nad stresem i unikn\u0105\u0107 nerwowych ruch\u00f3w.<\/p>\n\n\n\n<p><strong>Przeczytaj r\u00f3wnie\u017c:<\/strong><a href=\"http:\/\/porady.pracuj.pl\/zycie-zawodowe\/wymiar-czasu-pracy-na-pelny-etat-jak-go-okreslic\" target=\"_blank\" rel=\"noreferrer noopener\" aria-label=\" (otwiera si\u0119 na nowej zak\u0142adce)\"> http:\/\/porady.pracuj.pl\/zycie-zawodowe\/wymiar-czasu-pracy-na-pelny-etat-jak-go-okreslic<\/a><\/p>\n","protected":false},"excerpt":{"rendered":"<p>Na poczucie satysfakcji zawodowej w du\u017cej mierze wp\u0142ywa wysoko\u015b\u0107 zarobk\u00f3w. Je\u015bli masz wra\u017cenie, \u017ce nie jeste\u015b doceniany pod wzgl\u0119dem finansowym, nie b\u00f3j si\u0119 poprosi\u0107 o podwy\u017ck\u0119. Przygotuj konkretne argumenty. Sprawd\u017a, o czym jeszcze musisz pami\u0119ta\u0107 przy negocjowaniu warunk\u00f3w pracy. Poznaj <span class=\"readmore\"><a href=\"https:\/\/kariera.wlodkowic.pl\/index.php\/jak-negocjowac-podwyzke\/\">Czytaj dalej<\/a><\/span><\/p>\n","protected":false},"author":2,"featured_media":0,"parent":0,"menu_order":0,"comment_status":"closed","ping_status":"closed","template":"","meta":{"footnotes":""},"class_list":["post-920","page","type-page","status-publish","hentry"],"_links":{"self":[{"href":"https:\/\/kariera.wlodkowic.pl\/index.php\/wp-json\/wp\/v2\/pages\/920","targetHints":{"allow":["GET"]}}],"collection":[{"href":"https:\/\/kariera.wlodkowic.pl\/index.php\/wp-json\/wp\/v2\/pages"}],"about":[{"href":"https:\/\/kariera.wlodkowic.pl\/index.php\/wp-json\/wp\/v2\/types\/page"}],"author":[{"embeddable":true,"href":"https:\/\/kariera.wlodkowic.pl\/index.php\/wp-json\/wp\/v2\/users\/2"}],"replies":[{"embeddable":true,"href":"https:\/\/kariera.wlodkowic.pl\/index.php\/wp-json\/wp\/v2\/comments?post=920"}],"version-history":[{"count":1,"href":"https:\/\/kariera.wlodkowic.pl\/index.php\/wp-json\/wp\/v2\/pages\/920\/revisions"}],"predecessor-version":[{"id":922,"href":"https:\/\/kariera.wlodkowic.pl\/index.php\/wp-json\/wp\/v2\/pages\/920\/revisions\/922"}],"wp:attachment":[{"href":"https:\/\/kariera.wlodkowic.pl\/index.php\/wp-json\/wp\/v2\/media?parent=920"}],"curies":[{"name":"wp","href":"https:\/\/api.w.org\/{rel}","templated":true}]}}