{"id":888,"date":"2019-09-09T09:22:45","date_gmt":"2019-09-09T07:22:45","guid":{"rendered":"http:\/\/kariera.wlodkowic.pl\/?page_id=888"},"modified":"2019-09-09T09:44:53","modified_gmt":"2019-09-09T07:44:53","slug":"praktyczne-linki","status":"publish","type":"page","link":"https:\/\/kariera.wlodkowic.pl\/index.php\/praktyczne-linki\/","title":{"rendered":"Praktyczne linki"},"content":{"rendered":"\n<p><strong>Przewodnik po programie Erasmus+ <\/strong><\/p>\n\n\n\n<p><a href=\"https:\/\/ec.europa.eu\/programmes\/erasmus-plus\/resources\/documents\/erasmus-programme-guide-2019_pl\" target=\"_blank\" rel=\"noreferrer noopener\" aria-label=\" (otwiera si\u0119 na nowej zak\u0142adce)\">https:\/\/ec.europa.eu\/programmes\/erasmus-plus\/resources\/documents\/erasmus-programme-guide-2019_pl<\/a>                                                                                             <\/p>\n\n\n\n<p><strong>Praktyczne wskaz\u00f3wki i informacje dla student\u00f3w erasmus+ korzystaj\u0105cych z systemu ols<\/strong>                                  <\/p>\n\n\n\n<p>System wsparcia j\u0119zykowego online opracowano z my\u015bl\u0105 o uczestnikach programu Erasmus+, aby pom\u00f3c im w poprawie znajomo\u015bci j\u0119zyka potrzebnego do podj\u0119cia pracy albo studi\u00f3w, albo do odbycia wolontariatu za granic\u0105, tak aby mogli w pe\u0142ni wykorzysta\u0107 potencja\u0142 takiego pobytu.<\/p>\n\n\n\n<p><a href=\"http:\/\/erasmus.us.edu.pl\/sites\/erasmus.us.edu.pl\/files\/wskazowki_ols_dla_studentow_ka1_he.pdf\" target=\"_blank\" rel=\"noreferrer noopener\" aria-label=\" (otwiera si\u0119 na nowej zak\u0142adce)\">http:\/\/erasmus.us.edu.pl\/sites\/erasmus.us.edu.pl\/files\/wskazowki_ols_dla_studentow_ka1_he.pdf<\/a><\/p>\n\n\n\n<p><strong>Karta studenta Erasmus+<\/strong><a href=\"http:\/\/erasmus.us.edu.pl\/sites\/erasmus.us.edu.pl\/files\/karta_studenta_erasmusa_pl_0.pdf\" target=\"_blank\" rel=\"noreferrer noopener\" aria-label=\" (otwiera si\u0119 na nowej zak\u0142adce)\"> http:\/\/erasmus.us.edu.pl\/sites\/erasmus.us.edu.pl\/files\/karta_studenta_erasmusa_pl_0.pdf<\/a><\/p>\n\n\n\n<p><strong>Wyszukiwarki praktyk\/sta\u017cy:<\/strong><\/p>\n\n\n\n<ul class=\"wp-block-list\"><li><a rel=\"noreferrer noopener\" aria-label=\" (otwiera si\u0119 na nowej zak\u0142adce)\" href=\"https:\/\/erasmusintern.org\/\" target=\"_blank\">https:\/\/erasmusintern.org\/<\/a> <\/li><li><a rel=\"noreferrer noopener\" aria-label=\" (otwiera si\u0119 na nowej zak\u0142adce)\" href=\"https:\/\/www.ies-consulting.eu\/internship-search-engine\/\" target=\"_blank\">https:\/\/www.ies-consulting.eu\/internship-search-engine\/<\/a><\/li><li><a rel=\"noreferrer noopener\" aria-label=\" (otwiera si\u0119 na nowej zak\u0142adce)\" href=\"https:\/\/europe-internship.com\/\" target=\"_blank\">https:\/\/europe-internship.com\/<\/a><\/li><li><a rel=\"noreferrer noopener\" aria-label=\" (otwiera si\u0119 na nowej zak\u0142adce)\" href=\"http:\/\/www.praxisnetwork.eu\/\" target=\"_blank\">http:\/\/www.praxisnetwork.eu\/<\/a><\/li><li><a rel=\"noreferrer noopener\" aria-label=\" (otwiera si\u0119 na nowej zak\u0142adce)\" href=\"https:\/\/leonet.joeplus.org\/en\/\" target=\"_blank\">https:\/\/leonet.joeplus.org\/en\/<\/a><\/li><li><a href=\"https:\/\/pl.bab.la\/praktyki\/\" target=\"_blank\" rel=\"noreferrer noopener\" aria-label=\" (otwiera si\u0119 na nowej zak\u0142adce)\">https:\/\/pl.bab.la\/praktyki\/<\/a><\/li><\/ul>\n","protected":false},"excerpt":{"rendered":"<p>Przewodnik po programie Erasmus+ https:\/\/ec.europa.eu\/programmes\/erasmus-plus\/resources\/documents\/erasmus-programme-guide-2019_pl Praktyczne wskaz\u00f3wki i informacje dla student\u00f3w erasmus+ korzystaj\u0105cych z systemu ols System wsparcia j\u0119zykowego online opracowano z my\u015bl\u0105 o uczestnikach programu Erasmus+, aby pom\u00f3c im w poprawie znajomo\u015bci j\u0119zyka potrzebnego do podj\u0119cia pracy albo studi\u00f3w, <span class=\"readmore\"><a href=\"https:\/\/kariera.wlodkowic.pl\/index.php\/praktyczne-linki\/\">Czytaj dalej<\/a><\/span><\/p>\n","protected":false},"author":2,"featured_media":0,"parent":0,"menu_order":0,"comment_status":"closed","ping_status":"closed","template":"","meta":{"footnotes":""},"class_list":["post-888","page","type-page","status-publish","hentry"],"_links":{"self":[{"href":"https:\/\/kariera.wlodkowic.pl\/index.php\/wp-json\/wp\/v2\/pages\/888","targetHints":{"allow":["GET"]}}],"collection":[{"href":"https:\/\/kariera.wlodkowic.pl\/index.php\/wp-json\/wp\/v2\/pages"}],"about":[{"href":"https:\/\/kariera.wlodkowic.pl\/index.php\/wp-json\/wp\/v2\/types\/page"}],"author":[{"embeddable":true,"href":"https:\/\/kariera.wlodkowic.pl\/index.php\/wp-json\/wp\/v2\/users\/2"}],"replies":[{"embeddable":true,"href":"https:\/\/kariera.wlodkowic.pl\/index.php\/wp-json\/wp\/v2\/comments?post=888"}],"version-history":[{"count":11,"href":"https:\/\/kariera.wlodkowic.pl\/index.php\/wp-json\/wp\/v2\/pages\/888\/revisions"}],"predecessor-version":[{"id":904,"href":"https:\/\/kariera.wlodkowic.pl\/index.php\/wp-json\/wp\/v2\/pages\/888\/revisions\/904"}],"wp:attachment":[{"href":"https:\/\/kariera.wlodkowic.pl\/index.php\/wp-json\/wp\/v2\/media?parent=888"}],"curies":[{"name":"wp","href":"https:\/\/api.w.org\/{rel}","templated":true}]}}