{"id":88,"date":"2019-02-07T11:35:37","date_gmt":"2019-02-07T10:35:37","guid":{"rendered":"http:\/\/kariera.wlodkowic.pl\/?page_id=88"},"modified":"2025-11-12T13:01:51","modified_gmt":"2025-11-12T12:01:51","slug":"dla-pracodawcow","status":"publish","type":"page","link":"https:\/\/kariera.wlodkowic.pl\/index.php\/dla-pracodawcow\/","title":{"rendered":"Kontakt"},"content":{"rendered":"\n<p><strong>Akademickie Biuro Karier Zawodowych<\/strong><br>Szko\u0142a Wy\u017csza im. Paw\u0142a W\u0142odkowica w P\u0142ocku<br>al. Kili\u0144skiego 12<br>09-402 P\u0142ock<\/p>\n\n\n\n<p>tel:(+48 24) 366 41 54<br>e-mail: kariera@wlodkowic.pl<br>FB: Biuro Karier SWPW \u2013 P\u0142ock<\/p>\n\n\n<div class=\"wp-block-image\">\n<figure class=\"alignleft is-resized\"><img loading=\"lazy\" decoding=\"async\" width=\"960\" height=\"287\" src=\"http:\/\/kariera.wlodkowic.pl\/wp-content\/uploads\/2019\/05\/contact-us-1014232_960_720-2.png\" alt=\"\" class=\"wp-image-676\" style=\"width:374px;height:111px\"\/><\/figure>\n<\/div>\n\n\n<p class=\"has-text-align-right\"><strong>Biuro czynne <\/strong><br>Poniedzia\u0142ek \u2013 pi\u0105tek w godzinach 8:00 \u2013 15:00<\/p>\n","protected":false},"excerpt":{"rendered":"<p>Akademickie Biuro Karier ZawodowychSzko\u0142a Wy\u017csza im. Paw\u0142a W\u0142odkowica w P\u0142ockual. Kili\u0144skiego 1209-402 P\u0142ock tel:(+48 24) 366 41 54e-mail: kariera@wlodkowic.plFB: Biuro Karier SWPW \u2013 P\u0142ock Biuro czynne Poniedzia\u0142ek \u2013 pi\u0105tek w godzinach 8:00 \u2013 15:00<\/p>\n","protected":false},"author":2,"featured_media":0,"parent":0,"menu_order":0,"comment_status":"closed","ping_status":"closed","template":"","meta":{"footnotes":""},"class_list":["post-88","page","type-page","status-publish","hentry"],"_links":{"self":[{"href":"https:\/\/kariera.wlodkowic.pl\/index.php\/wp-json\/wp\/v2\/pages\/88","targetHints":{"allow":["GET"]}}],"collection":[{"href":"https:\/\/kariera.wlodkowic.pl\/index.php\/wp-json\/wp\/v2\/pages"}],"about":[{"href":"https:\/\/kariera.wlodkowic.pl\/index.php\/wp-json\/wp\/v2\/types\/page"}],"author":[{"embeddable":true,"href":"https:\/\/kariera.wlodkowic.pl\/index.php\/wp-json\/wp\/v2\/users\/2"}],"replies":[{"embeddable":true,"href":"https:\/\/kariera.wlodkowic.pl\/index.php\/wp-json\/wp\/v2\/comments?post=88"}],"version-history":[{"count":13,"href":"https:\/\/kariera.wlodkowic.pl\/index.php\/wp-json\/wp\/v2\/pages\/88\/revisions"}],"predecessor-version":[{"id":1498,"href":"https:\/\/kariera.wlodkowic.pl\/index.php\/wp-json\/wp\/v2\/pages\/88\/revisions\/1498"}],"wp:attachment":[{"href":"https:\/\/kariera.wlodkowic.pl\/index.php\/wp-json\/wp\/v2\/media?parent=88"}],"curies":[{"name":"wp","href":"https:\/\/api.w.org\/{rel}","templated":true}]}}