{"id":866,"date":"2019-07-25T10:47:38","date_gmt":"2019-07-25T08:47:38","guid":{"rendered":"http:\/\/kariera.wlodkowic.pl\/?page_id=866"},"modified":"2019-07-25T10:52:14","modified_gmt":"2019-07-25T08:52:14","slug":"5-powodow-dlaczego-warto-zostac-wolontariuszem","status":"publish","type":"page","link":"https:\/\/kariera.wlodkowic.pl\/index.php\/5-powodow-dlaczego-warto-zostac-wolontariuszem\/","title":{"rendered":"5 powod\u00f3w, dlaczego warto zosta\u0107 wolontariuszem"},"content":{"rendered":"\n<p style=\"color:#001fa3\" class=\"has-text-color\"><em>Dzia\u0142alno\u015b\u0107 w organizacji non profit nie tylko daje wiele rado\u015bci i satysfakcji z niesienia pomocy, ale r\u00f3wnie\u017c pozwala zdoby\u0107 cenne do\u015bwiadczenie zawodowe, kt\u00f3re przyda si\u0119 w budowaniu kariery. Jako wolontariusz nauczysz si\u0119 wsp\u00f3\u0142dzia\u0142a\u0107 w grupie i rozwiniesz umiej\u0119tno\u015bci komunikacyjne. Tego rodzaju aktywno\u015b\u0107 mo\u017cesz uwzgl\u0119dni\u0107 w CV i zrobi\u0107 wra\u017cenie na pracodawcy.<\/em><\/p>\n\n\n\n<figure class=\"wp-block-image\"><img loading=\"lazy\" decoding=\"async\" width=\"1900\" height=\"457\" src=\"http:\/\/kariera.wlodkowic.pl\/wp-content\/uploads\/2019\/07\/1691.jpg\" alt=\"\" class=\"wp-image-869\"\/><\/figure>\n\n\n\n<p><strong>Pow\u00f3d 1: Rozbudujesz swoj\u0105 sie\u0107 kontakt\u00f3w<\/strong><br>Bycie wolontariuszem daje mo\u017cliwo\u015b\u0107 poznawania wielu os\u00f3b, w tym specjalist\u00f3w z r\u00f3\u017cnych bran\u017c. To dobra okazja do zawierania nowych znajomo\u015bci, kt\u00f3re czasem potrafi\u0105 przerodzi\u0107 si\u0119 w prawdziw\u0105 przyja\u017a\u0144 na gruncie prywatnym. B\u0119dziesz m\u00f3g\u0142 r\u00f3wnie\u017c wymieni\u0107 cenne do\u015bwiadczenia i znale\u017a\u0107 odpowiedzi na nurtuj\u0105ce pytania.<\/p>\n\n\n\n<p><strong>Pow\u00f3d 2: Rozwiniesz empati\u0119<\/strong><br>Empatia jest unikaln\u0105 cech\u0105 osobowo\u015bci i przydaje si\u0119 w ka\u017cdym zawodzie. Dzi\u0119ki niej potrafisz wyczu\u0107 potrzeby innych, w tym wsp\u00f3\u0142pracownik\u00f3w i klient\u00f3w. Praca w domu dziecka, schronisku czy szpitalu sprawia, \u017ce na co dzie\u0144 mamy do czynienia z ludzkim cierpieniem. Stajemy si\u0119 bardziej wra\u017cliwi i serdeczni. <\/p>\n\n\n\n<p><strong>Pow\u00f3d 3: Zdob\u0119dziesz nowe do\u015bwiadczenie zawodowe<\/strong><br>Dopiero rozpoczynasz karier\u0119? B\u0119dziesz nied\u0142ugo poszukiwa\u0107 pierwszego zatrudnienia? Tym bardziej powiniene\u015b rozwa\u017cy\u0107 wolontariat. Dzi\u0119ki takiej formie pracy rozwiniesz umiej\u0119tno\u015bci zarz\u0105dzania czasem, organizacji w\u0142asnych obowi\u0105zk\u00f3w czy budowania relacji w zespole. Twoje CV b\u0119dzie wygl\u0105da\u0107 znacznie atrakcyjniej.<\/p>\n\n\n\n<p><strong>Pow\u00f3d 4: Poznasz bran\u017c\u0119, kt\u00f3rej dotyczy wolontariat<\/strong><br>Obserwuj\u0105c specjalist\u00f3w, kt\u00f3rzy od lat zajmuj\u0105 si\u0119 dan\u0105 dziedzin\u0105, zg\u0142\u0119bisz wiedz\u0119 na temat konkretnego sektora rynku. Znajomo\u015b\u0107 reali\u00f3w zawodowych pomo\u017ce Ci dokonywa\u0107 trafniejszych decyzji w przysz\u0142o\u015bci. Bez wi\u0119kszych problem\u00f3w okre\u015blisz r\u00f3wnie\u017c swoje cele.<br><\/p>\n\n\n\n<p><strong>Pow\u00f3d 5: Poczujesz, \u017ce robisz co\u015b sensownego<\/strong><br>Pomaganie innym daje wiele satysfakcji wewn\u0119trznej. Podczas wolontariatu zdob\u0119dziesz nie tylko cenne kompetencje, ale r\u00f3wnie\u017c zadowolenie z samego siebie. <\/p>\n\n\n\n<p>Przeczytaj r\u00f3wnie\u017c: <a href=\"http:\/\/porady.pracuj.pl\/zycie-zawodowe\/zwolnienie-chorobowe-wszystko-co-warto-wiedziec\" target=\"_blank\" rel=\"noreferrer noopener\" aria-label=\" (otwiera si\u0119 na nowej zak\u0142adce)\">http:\/\/porady.pracuj.pl\/zycie-zawodowe\/zwolnienie-chorobowe-wszystko-co-warto-wiedziec<\/a><\/p>\n","protected":false},"excerpt":{"rendered":"<p>Dzia\u0142alno\u015b\u0107 w organizacji non profit nie tylko daje wiele rado\u015bci i satysfakcji z niesienia pomocy, ale r\u00f3wnie\u017c pozwala zdoby\u0107 cenne do\u015bwiadczenie zawodowe, kt\u00f3re przyda si\u0119 w budowaniu kariery. Jako wolontariusz nauczysz si\u0119 wsp\u00f3\u0142dzia\u0142a\u0107 w grupie i rozwiniesz umiej\u0119tno\u015bci komunikacyjne. Tego <span class=\"readmore\"><a href=\"https:\/\/kariera.wlodkowic.pl\/index.php\/5-powodow-dlaczego-warto-zostac-wolontariuszem\/\">Czytaj dalej<\/a><\/span><\/p>\n","protected":false},"author":2,"featured_media":0,"parent":0,"menu_order":0,"comment_status":"closed","ping_status":"closed","template":"","meta":{"footnotes":""},"class_list":["post-866","page","type-page","status-publish","hentry"],"_links":{"self":[{"href":"https:\/\/kariera.wlodkowic.pl\/index.php\/wp-json\/wp\/v2\/pages\/866","targetHints":{"allow":["GET"]}}],"collection":[{"href":"https:\/\/kariera.wlodkowic.pl\/index.php\/wp-json\/wp\/v2\/pages"}],"about":[{"href":"https:\/\/kariera.wlodkowic.pl\/index.php\/wp-json\/wp\/v2\/types\/page"}],"author":[{"embeddable":true,"href":"https:\/\/kariera.wlodkowic.pl\/index.php\/wp-json\/wp\/v2\/users\/2"}],"replies":[{"embeddable":true,"href":"https:\/\/kariera.wlodkowic.pl\/index.php\/wp-json\/wp\/v2\/comments?post=866"}],"version-history":[{"count":2,"href":"https:\/\/kariera.wlodkowic.pl\/index.php\/wp-json\/wp\/v2\/pages\/866\/revisions"}],"predecessor-version":[{"id":870,"href":"https:\/\/kariera.wlodkowic.pl\/index.php\/wp-json\/wp\/v2\/pages\/866\/revisions\/870"}],"wp:attachment":[{"href":"https:\/\/kariera.wlodkowic.pl\/index.php\/wp-json\/wp\/v2\/media?parent=866"}],"curies":[{"name":"wp","href":"https:\/\/api.w.org\/{rel}","templated":true}]}}