{"id":84,"date":"2019-02-07T11:34:54","date_gmt":"2019-02-07T10:34:54","guid":{"rendered":"http:\/\/kariera.wlodkowic.pl\/?page_id=84"},"modified":"2021-04-20T08:24:40","modified_gmt":"2021-04-20T06:24:40","slug":"poradniki","status":"publish","type":"page","link":"https:\/\/kariera.wlodkowic.pl\/index.php\/poradniki\/","title":{"rendered":"Poradniki"},"content":{"rendered":"<p><a href=\"http:\/\/kariera.wlodkowic.pl\/index.php\/kariera-w-finansach-jak-sie-do-niej-przygotowac\/\">Kariera w finansach &#8211; jak si\u0119 do niej przygotowa\u0107 ?<\/a><\/p>\n<p><a href=\"http:\/\/kariera.wlodkowic.pl\/index.php\/idealny-pracodawca-czyli-jaki\/\">Idealny pracodawca &#8211; czyli jaki ?<\/a><\/p>\n<p><a class=\"components-external-link edit-post-post-link__link\" href=\"http:\/\/kariera.wlodkowic.pl\/index.php\/cv-osoby-bez-doswiadczenia-zawodowego-jak-uczynic-je-atrakcyjnym-dla-pracodawcy\/\" target=\"_blank\" rel=\"external noreferrer noopener\">CV &#8211; osoby bez do\u015bwiadczenia zawodowego \u2013 jak uczyni\u0107 je atrakcyjnym dla pracodawcy?<\/a><\/p>\n<p><a href=\"http:\/\/kariera.wlodkowic.pl\/index.php\/wypadek-przy-pracy---czym-jest-i-do-czego-zobowiazuje?\/\" target=\"_blank\" rel=\"noopener noreferrer\">Wypadek przy pracy &#8211; czym jest i do czego zobowi\u0105zuje ?<\/a><\/p>\n<p><a class=\"components-external-link edit-post-post-link__link\" href=\"http:\/\/kariera.wlodkowic.pl\/index.php\/najlepsze-praktyki-w-poszukiwaniu-pracy-sprawdz,-jak-szukac-pracy-!\/\" target=\"_blank\" rel=\"external noreferrer noopener\">Najlepsze praktyki w poszukiwaniu pracy. Sprawd\u017a jak szuka\u0107 pracy !<br><span class=\"screen-reader-text\">(otworzy siNaj<\/span><\/a><a class=\"components-external-link edit-post-post-link__link\" href=\"http:\/\/kariera.wlodkowic.pl\/?page_id=948\" target=\"_blank\" rel=\"external noreferrer noopener\"><span class=\"screen-reader-text\">(otworzy si\u0119 w nowej zak\u0142adce)<\/span><\/a><\/p>\n<p><a href=\"http:\/\/kariera.wlodkowic.pl\/index.php\/jak-negocjowac-podwyzke\/\" target=\"_blank\" rel=\"noopener noreferrer\">Jak negocjowa\u0107 podwy\u017ck\u0119 ?<\/a><\/p>\n<p><a href=\"http:\/\/kariera.wlodkowic.pl\/index.php\/4-porady-jak-uzyskac-od-szefa-dofinansowanie-na-studia\/\">4 porady, jak uzyska\u0107 od szefa dofinansowanie na studia<\/a><\/p>\n<p><a href=\"http:\/\/kariera.wlodkowic.pl\/index.php\/5-powodow-dlaczego-warto-zostac-wolontariuszem\/\">5 powod\u00f3w, dlaczego warto zosta\u0107 wolontariuszem<\/a><\/p>\n<p><a href=\"http:\/\/kariera.wlodkowic.pl\/index.php\/3-typy-cv-czym-sie-roznia\/\">3 typy CV \u2013 czym si\u0119 r\u00f3\u017cni\u0105?<\/a><\/p>\n<p><a href=\"http:\/\/kariera.wlodkowic.pl\/index.php\/5-sposobow-na-rozwoj-osobisty\/\">5 sposob\u00f3w na rozw\u00f3j osobisty<\/a><\/p>\n<p><a href=\"http:\/\/kariera.wlodkowic.pl\/index.php\/poradniki\/5-wskazowek-o-czym-pamietac-podczas-rozmowy-kwalifikacyjnej\/\">5 wskaz\u00f3wek o czym pami\u0119ta\u0107 podczas rozmowy kwalifikacyjnej<\/a><\/p>\n<p><a href=\"http:\/\/kariera.wlodkowic.pl\/index.php\/poradniki\/jakich-pracownikow-poszukuja-pracodawcy\/\">Jakich pracownik\u00f3w poszukuj\u0105 pracodawcy?<\/a><\/p>\n<p><a href=\"http:\/\/kariera.wlodkowic.pl\/index.php\/czasopisma\/\">Czasopisma<\/a><\/p>\n<p><a href=\"http:\/\/kariera.wlodkowic.pl\/index.php\/planowanie-kariery-zawodowej\/\">Planowanie kariery zawodowej<\/a><\/p>\n<p><a href=\"http:\/\/kariera.wlodkowic.pl\/index.php\/profesjonalne-cv\/\">Profesjonalne CV<\/a><\/p>\n<p><a href=\"http:\/\/kariera.wlodkowic.pl\/index.php\/list-motywacyjny\/\">List motywacyjny<\/a><\/p>\n<p><a href=\"http:\/\/kariera.wlodkowic.pl\/index.php\/sztuka-autoprezentacji\/\">Sztuka autoprezentacji<\/a><\/p>\n<p><a href=\"http:\/\/kariera.wlodkowic.pl\/index.php\/savoir-vivre-w-pracy\/\">Savoir-vivre w pracy<\/a><\/p>\n<p><a href=\"http:\/\/kariera.wlodkowic.pl\/?page_id=1284\">35 porad jak napisa\u0107 perfekcyjne CV<\/a><\/p>\n<p><a class=\"components-external-link edit-post-post-link__link\" href=\"http:\/\/kariera.wlodkowic.pl\/index.php\/cv-osoby-bez-doswiadczenia-zawodowego-jak-uczynic-je-atrakcyjnym-dla-pracodawcy\/\" target=\"_blank\" rel=\"external noreferrer noopener\"><span class=\"screen-reader-text\">(otworzy si\u0119 w nowej zak\u0142adce)<\/span><\/a><\/p>\n\n\n<p><a href=\"http:\/\/kariera.wlodkowic.pl\/?page_id=1360\">Obecno\u015b\u0107 w mediach spo\u0142eczno\u015bciowych, a poszukiwanie pracy <\/a><\/p>\n","protected":false},"excerpt":{"rendered":"<p>Kariera w finansach &#8211; jak si\u0119 do niej przygotowa\u0107 ? Idealny pracodawca &#8211; czyli jaki ? CV &#8211; osoby bez do\u015bwiadczenia zawodowego \u2013 jak uczyni\u0107 je atrakcyjnym dla pracodawcy? Wypadek przy pracy &#8211; czym jest i do czego zobowi\u0105zuje ? <span class=\"readmore\"><a href=\"https:\/\/kariera.wlodkowic.pl\/index.php\/poradniki\/\">Czytaj dalej<\/a><\/span><\/p>\n","protected":false},"author":2,"featured_media":0,"parent":0,"menu_order":0,"comment_status":"closed","ping_status":"closed","template":"","meta":{"footnotes":""},"class_list":["post-84","page","type-page","status-publish","hentry"],"_links":{"self":[{"href":"https:\/\/kariera.wlodkowic.pl\/index.php\/wp-json\/wp\/v2\/pages\/84","targetHints":{"allow":["GET"]}}],"collection":[{"href":"https:\/\/kariera.wlodkowic.pl\/index.php\/wp-json\/wp\/v2\/pages"}],"about":[{"href":"https:\/\/kariera.wlodkowic.pl\/index.php\/wp-json\/wp\/v2\/types\/page"}],"author":[{"embeddable":true,"href":"https:\/\/kariera.wlodkowic.pl\/index.php\/wp-json\/wp\/v2\/users\/2"}],"replies":[{"embeddable":true,"href":"https:\/\/kariera.wlodkowic.pl\/index.php\/wp-json\/wp\/v2\/comments?post=84"}],"version-history":[{"count":19,"href":"https:\/\/kariera.wlodkowic.pl\/index.php\/wp-json\/wp\/v2\/pages\/84\/revisions"}],"predecessor-version":[{"id":1365,"href":"https:\/\/kariera.wlodkowic.pl\/index.php\/wp-json\/wp\/v2\/pages\/84\/revisions\/1365"}],"wp:attachment":[{"href":"https:\/\/kariera.wlodkowic.pl\/index.php\/wp-json\/wp\/v2\/media?parent=84"}],"curies":[{"name":"wp","href":"https:\/\/api.w.org\/{rel}","templated":true}]}}