{"id":812,"date":"2019-06-27T09:35:03","date_gmt":"2019-06-27T07:35:03","guid":{"rendered":"http:\/\/kariera.wlodkowic.pl\/?page_id=812"},"modified":"2019-06-27T09:40:27","modified_gmt":"2019-06-27T07:40:27","slug":"3-typy-cv-czym-sie-roznia","status":"publish","type":"page","link":"https:\/\/kariera.wlodkowic.pl\/index.php\/3-typy-cv-czym-sie-roznia\/","title":{"rendered":"3 typy CV \u2013 czym si\u0119 r\u00f3\u017cni\u0105 ?"},"content":{"rendered":"\n<p style=\"color:#0029a3\" class=\"has-text-color\"><em><strong>Chronologiczne, funkcjonalne, a mo\u017ce mieszane? Przekonaj si\u0119, kt\u00f3re CV najlepiej pomo\u017ce Ci zaprezentowa\u0107 swoj\u0105 kandydatur\u0119 i spe\u0142ni\u0107 oczekiwania rekruter\u00f3w. Najwa\u017cniejsze, \u017ceby \u017cyciorys by\u0142 dopasowany do konkretnej oferty pracy i przedstawia\u0142 do\u015bwiadczenie zawodowe, kwalifikacje i kluczowe umiej\u0119tno\u015bci. <\/strong><\/em><\/p>\n\n\n\n<figure class=\"wp-block-image\"><img loading=\"lazy\" decoding=\"async\" width=\"1900\" height=\"457\" src=\"http:\/\/kariera.wlodkowic.pl\/wp-content\/uploads\/2019\/06\/1652.jpg\" alt=\"\" class=\"wp-image-813\"\/><\/figure>\n\n\n\n<ol class=\"wp-block-list\"><li><strong>CV chronologiczne<\/strong><br>Na ten rodzaj \u017cyciorysu decyduje si\u0119 wi\u0119kszo\u015b\u0107 os\u00f3b poszukuj\u0105cych pracy, dlatego cz\u0119sto nazywane jest CV tradycyjnym. W tym przypadku do\u015bwiadczenie zawodowe zostaje przedstawione w oparciu o o\u015b czasu \u2013 rozpoczynasz od opisywania swoich najbardziej aktualnych stanowisk, a nast\u0119pnie cofasz si\u0119 do przesz\u0142o\u015bci. \u017byciorys chronologiczny powinien zawiera\u0107 takie sekcje jak:<br> \u2022 do\u015bwiadczenie zawodowe<br> \u2022 wykszta\u0142cenie<br> \u2022 odbyte szkolenia i kursy<br> \u2022 kluczowe kompetencje mi\u0119kkie i twarde<br>Najwi\u0119kszymi zaletami tego rodzaju CV s\u0105 profesjonalny wygl\u0105d i przejrzysto\u015b\u0107 przedstawionych informacji.<\/li><\/ol>\n\n\n\n<p><strong>2. CV funkcjonalne<\/strong><br> W tym dokumencie skupiasz si\u0119 na zaprezentowaniu swoich kwalifikacji i umiej\u0119tno\u015bci, a nie tak bardzo na wykszta\u0142ceniu i do\u015bwiadczeniu. G\u0142\u00f3wnym zadaniem tego \u017cyciorysu jest przedstawienie Twoich zalet i cennych dla pracodawcy kompetencji. Musisz wykaza\u0107 te\u017c, \u017ce sprostasz wymaganiom oraz oczekiwaniom firmy. To dobre rozwi\u0105zanie na pocz\u0105tku kariery \u2013 w przypadku braku wieloletniego sta\u017cu zawodowego. W \u017cyciorysie funkcjonalnym uwzgl\u0119dnij:<br> \u2022 kluczowe kompetencje i osi\u0105gni\u0119cia<br> \u2022 szkolenia i kursy<br> \u2022 certyfikaty<br> \u2022 histori\u0119 zatrudnienia<br> \u2022 edukacj\u0119<br> \u2022 zainteresowania<br>Znacz\u0105c\u0105 r\u00f3\u017cnic\u0105 mi\u0119dzy CV chronologicznym a funkcjonalnym jest sekcja g\u0142\u00f3wna tytu\u0142owana jako \u201eumiej\u0119tno\u015bci\u201d b\u0105d\u017a \u201ekwalifikacje\u201d. <\/p>\n\n\n\n<p><strong>3. CV mieszane <\/strong><br> Kandydaci coraz cz\u0119\u015bciej wybieraj\u0105 \u017cyciorys mieszany, czyli po\u0142\u0105czenie typ\u00f3w: chronologicznego i funkcjonalnego. Koncentrujesz si\u0119 w nim na prezentacji swoich kompetencji, ale przedstawiasz te\u017c do\u015bwiadczenie zawodowe w osobnej rubryce. Porz\u0105dek chronologiczny nie jest tak bardzo istotny. Na pocz\u0105tku \u017cyciorysu opisujesz najwa\u017cniejsze umiej\u0119tno\u015bci, natomiast w dalszej cz\u0119\u015bci umieszczasz informacje dotycz\u0105ce dotychczasowych miejsc zatrudnienia wraz z ramami czasowymi. Kompetencje i osi\u0105gni\u0119cia przedstaw w spos\u00f3b funkcjonalny, natomiast przebieg dotychczasowej kariery w spos\u00f3b chronologiczny. Ten rodzaj CV pozwoli Ci dopasowa\u0107 si\u0119 do oferty pracy.<\/p>\n\n\n\n<p>Przeczytaj r\u00f3wnie\u017c:<a href=\"https:\/\/porady.pracuj.pl\/z-zycia-pracownika\/jak-napisac-wypowiedzenie-umowy-o-prace\/\" target=\"_blank\" rel=\"noreferrer noopener\" aria-label=\" (otwiera si\u0119 na nowej zak\u0142adce)\">https:\/\/porady.pracuj.pl\/z-zycia-pracownika\/jak-napisac-wypowiedzenie-umowy-o-prace\/<\/a><\/p>\n","protected":false},"excerpt":{"rendered":"<p>Chronologiczne, funkcjonalne, a mo\u017ce mieszane? Przekonaj si\u0119, kt\u00f3re CV najlepiej pomo\u017ce Ci zaprezentowa\u0107 swoj\u0105 kandydatur\u0119 i spe\u0142ni\u0107 oczekiwania rekruter\u00f3w. Najwa\u017cniejsze, \u017ceby \u017cyciorys by\u0142 dopasowany do konkretnej oferty pracy i przedstawia\u0142 do\u015bwiadczenie zawodowe, kwalifikacje i kluczowe umiej\u0119tno\u015bci. CV chronologiczneNa ten rodzaj <span class=\"readmore\"><a href=\"https:\/\/kariera.wlodkowic.pl\/index.php\/3-typy-cv-czym-sie-roznia\/\">Czytaj dalej<\/a><\/span><\/p>\n","protected":false},"author":2,"featured_media":0,"parent":0,"menu_order":0,"comment_status":"closed","ping_status":"closed","template":"","meta":{"footnotes":""},"class_list":["post-812","page","type-page","status-publish","hentry"],"_links":{"self":[{"href":"https:\/\/kariera.wlodkowic.pl\/index.php\/wp-json\/wp\/v2\/pages\/812","targetHints":{"allow":["GET"]}}],"collection":[{"href":"https:\/\/kariera.wlodkowic.pl\/index.php\/wp-json\/wp\/v2\/pages"}],"about":[{"href":"https:\/\/kariera.wlodkowic.pl\/index.php\/wp-json\/wp\/v2\/types\/page"}],"author":[{"embeddable":true,"href":"https:\/\/kariera.wlodkowic.pl\/index.php\/wp-json\/wp\/v2\/users\/2"}],"replies":[{"embeddable":true,"href":"https:\/\/kariera.wlodkowic.pl\/index.php\/wp-json\/wp\/v2\/comments?post=812"}],"version-history":[{"count":3,"href":"https:\/\/kariera.wlodkowic.pl\/index.php\/wp-json\/wp\/v2\/pages\/812\/revisions"}],"predecessor-version":[{"id":817,"href":"https:\/\/kariera.wlodkowic.pl\/index.php\/wp-json\/wp\/v2\/pages\/812\/revisions\/817"}],"wp:attachment":[{"href":"https:\/\/kariera.wlodkowic.pl\/index.php\/wp-json\/wp\/v2\/media?parent=812"}],"curies":[{"name":"wp","href":"https:\/\/api.w.org\/{rel}","templated":true}]}}