{"id":803,"date":"2019-06-24T08:31:18","date_gmt":"2019-06-24T06:31:18","guid":{"rendered":"http:\/\/kariera.wlodkowic.pl\/?page_id=803"},"modified":"2019-06-24T08:31:19","modified_gmt":"2019-06-24T06:31:19","slug":"5-sposobow-na-rozwoj-osobisty","status":"publish","type":"page","link":"https:\/\/kariera.wlodkowic.pl\/index.php\/5-sposobow-na-rozwoj-osobisty\/","title":{"rendered":"5 sposob\u00f3w na rozw\u00f3j osobisty"},"content":{"rendered":"\n<p style=\"color:#002ea3\" class=\"has-text-color\"><em>Rozw\u00f3j osobisty w trakcie studi\u00f3w zwi\u0119kszy Twoj\u0105 atrakcyjno\u015b\u0107 na rynku pracy i wp\u0142ynie na poziom satysfakcji. W tym celu mo\u017cesz czyta\u0107 ksi\u0105\u017cki pomagaj\u0105ce pozby\u0107 si\u0119 niekorzystnych nawyk\u00f3w albo s\u0142ucha\u0107 inspiruj\u0105cych nagra\u0144, kt\u00f3re zmotywuj\u0105 Ci\u0119 do dzia\u0142ania. Na te czynno\u015bci nie musisz po\u015bwi\u0119ca\u0107 du\u017cej ilo\u015bci czasu \u2013 wykorzystuj przerwy mi\u0119dzy zaj\u0119ciami i wolne weekendy. <\/em><\/p>\n\n\n\n<figure class=\"wp-block-image\"><img loading=\"lazy\" decoding=\"async\" width=\"1900\" height=\"457\" src=\"http:\/\/kariera.wlodkowic.pl\/wp-content\/uploads\/2019\/06\/1570.jpg\" alt=\"\" class=\"wp-image-804\"\/><\/figure>\n\n\n\n<p><strong>Spos\u00f3b 1: Sta\u0142y kontakt z literatur\u0105<\/strong><br>Wieczorem lub w wolnej chwili warto si\u0119gn\u0105\u0107 po ciekawy artyku\u0142 albo ksi\u0105\u017cki poszerzaj\u0105ce horyzonty. S\u0105 one doskona\u0142ym \u017ar\u00f3d\u0142em wiedzy, inspiracji i motywacji. Dzi\u0119ki nim mo\u017cna spojrze\u0107 na wiele spraw z innej perspektywy. Poza tym czytanie ksi\u0105\u017cek znakomicie pobudza wyobra\u017ani\u0119. <\/p>\n\n\n\n<p><strong>Spos\u00f3b 2: S\u0142uchanie podcast\u00f3w<\/strong><br> Inn\u0105 metod\u0105 samodoskonalenia jest s\u0142uchanie warto\u015bciowych podcast\u00f3w. Mog\u0105 one dotyczy\u0107 tematyki biznesowej, psychologicznej czy motywacji. Wystarczy zaopatrzy\u0107 si\u0119 w s\u0142uchawki i zabiera\u0107 je ze sob\u0105 do tramwaju, autobusu czy na si\u0142owni\u0119. <\/p>\n\n\n\n<p><strong>Spos\u00f3b 3: Udzia\u0142 w warsztatach i szkoleniach <\/strong><br>W Internecie mo\u017cna znale\u017a\u0107 wiele ciekawych kurs\u00f3w \u2013 r\u00f3wnie\u017c bezp\u0142atnych, z kt\u00f3rych mo\u017cna skorzysta\u0107 bez wychodzenia z domu. To doskona\u0142a okazja, \u017ceby zdoby\u0107 nowe kompetencje. Wiele firm oferuje r\u00f3wnie\u017c szkolenia stacjonarne, podczas kt\u00f3rych zdob\u0119dziesz aktualn\u0105 wiedz\u0119 z danej dziedziny.<\/p>\n\n\n\n<p><strong>Spos\u00f3b 4: Korzystanie z u\u017cytecznych aplikacji<\/strong><br>Smartfon jako urz\u0105dzenie wielofunkcyjne towarzyszy nam w codziennym \u017cyciu. Warto zatem zainstalowa\u0107 kilka u\u017cytecznych aplikacji, np. do przyswajania s\u0142\u00f3wek i zasad gramatycznych z j\u0119zyka angielskiego albo u\u0142atwiaj\u0105cych organizacj\u0119 codziennych obowi\u0105zk\u00f3w \u2013 nauczysz si\u0119 w ten spos\u00f3b lepszego zarz\u0105dzania czasem. <\/p>\n\n\n\n<p><strong>Spos\u00f3b 5:  Tworzenie tablicy inspiracji<\/strong><br>\u015arodowisko, w jakim przebywasz, wp\u0142ywa na Twoje samopoczucie i stopie\u0144 motywacji do dzia\u0142ania. Warto zatem stworzy\u0107 miejsce, kt\u00f3re budzi pozytywne emocje i dodaje energii \u2013 tablica inspiracji z ulubionymi cytatami, zdj\u0119ciami z podr\u00f3\u017cy i motywuj\u0105cymi obrazkami doskonale sprawdzi si\u0119 w tej roli. <\/p>\n\n\n\n<p>Dowiedz\nsi\u0119 r\u00f3wnie\u017c: <a href=\"http:\/\/porady.pracuj.pl\/zycie-zawodowe\/bola-cie-plecy-oto-6-szybkich-cwiczen-do-wykonania-w-pracy\" target=\"_blank\" rel=\"noreferrer noopener\">porady.pracuj.pl\/zycie-zawodowe\/bola-cie-plecy-oto-6-szybkich-cwiczen-do-wykonania-w-pracy<\/a><\/p>\n","protected":false},"excerpt":{"rendered":"<p>Rozw\u00f3j osobisty w trakcie studi\u00f3w zwi\u0119kszy Twoj\u0105 atrakcyjno\u015b\u0107 na rynku pracy i wp\u0142ynie na poziom satysfakcji. W tym celu mo\u017cesz czyta\u0107 ksi\u0105\u017cki pomagaj\u0105ce pozby\u0107 si\u0119 niekorzystnych nawyk\u00f3w albo s\u0142ucha\u0107 inspiruj\u0105cych nagra\u0144, kt\u00f3re zmotywuj\u0105 Ci\u0119 do dzia\u0142ania. Na te czynno\u015bci nie <span class=\"readmore\"><a href=\"https:\/\/kariera.wlodkowic.pl\/index.php\/5-sposobow-na-rozwoj-osobisty\/\">Czytaj dalej<\/a><\/span><\/p>\n","protected":false},"author":2,"featured_media":0,"parent":0,"menu_order":0,"comment_status":"closed","ping_status":"closed","template":"","meta":{"footnotes":""},"class_list":["post-803","page","type-page","status-publish","hentry"],"_links":{"self":[{"href":"https:\/\/kariera.wlodkowic.pl\/index.php\/wp-json\/wp\/v2\/pages\/803","targetHints":{"allow":["GET"]}}],"collection":[{"href":"https:\/\/kariera.wlodkowic.pl\/index.php\/wp-json\/wp\/v2\/pages"}],"about":[{"href":"https:\/\/kariera.wlodkowic.pl\/index.php\/wp-json\/wp\/v2\/types\/page"}],"author":[{"embeddable":true,"href":"https:\/\/kariera.wlodkowic.pl\/index.php\/wp-json\/wp\/v2\/users\/2"}],"replies":[{"embeddable":true,"href":"https:\/\/kariera.wlodkowic.pl\/index.php\/wp-json\/wp\/v2\/comments?post=803"}],"version-history":[{"count":1,"href":"https:\/\/kariera.wlodkowic.pl\/index.php\/wp-json\/wp\/v2\/pages\/803\/revisions"}],"predecessor-version":[{"id":805,"href":"https:\/\/kariera.wlodkowic.pl\/index.php\/wp-json\/wp\/v2\/pages\/803\/revisions\/805"}],"wp:attachment":[{"href":"https:\/\/kariera.wlodkowic.pl\/index.php\/wp-json\/wp\/v2\/media?parent=803"}],"curies":[{"name":"wp","href":"https:\/\/api.w.org\/{rel}","templated":true}]}}