{"id":80,"date":"2019-02-07T11:33:49","date_gmt":"2019-02-07T10:33:49","guid":{"rendered":"http:\/\/kariera.wlodkowic.pl\/?page_id=80"},"modified":"2025-11-12T13:02:56","modified_gmt":"2025-11-12T12:02:56","slug":"kontakt","status":"publish","type":"page","link":"https:\/\/kariera.wlodkowic.pl\/index.php\/kontakt\/","title":{"rendered":"Wsp\u00f3\u0142praca"},"content":{"rendered":"\n<p>Akademickie Biuro Karier Zawodowych Szko\u0142y Wy\u017cszej im. Paw\u0142a W\u0142odkowica w P\u0142ocku zaprasza do wsp\u00f3\u0142pracy przedstawicieli firm i instytucji w zakresie podejmowania wsp\u00f3lnych inicjatyw oraz zamieszczania og\u0142osze\u0144 z ofertami pracy, praktyk, sta\u017cy, pracy dorywczej oraz wolontariatu dla student\u00f3w i absolwent\u00f3w.<\/p>\n\n\n\n<p><strong>Ze strony Akademickiego Biura Karier Zawodowych proponujemy bezp\u0142atnie: <\/strong><\/p>\n\n\n\n<ul class=\"wp-block-list\">\n<li>zamieszczenie og\u0142osze\u0144 oraz promocj\u0119 inicjatyw pracodawc\u00f3w na stronie internetowej, na profilu facebook Akademickiego Biura Karier Zawodowych oraz na tablicy og\u0142osze\u0144,<\/li>\n\n\n\n<li>organizacj\u0119 spotka\u0144, warsztat\u00f3w i szkole\u0144 &#8211; z ch\u0119ci\u0105 zorganizujemy spotkanie przybli\u017caj\u0105ce studentom specyfik\u0119 pracy w Pa\u0144stwa firmie, w danej bran\u017cy i na okre\u015blonych stanowiskach. Jeste\u015bmy r\u00f3wnie\u017c otwarci na Pa\u0144stwa propozycje dotycz\u0105ce tematyki warsztat\u00f3w i szkole\u0144 \u2013 wszystkie sugestie z ch\u0119ci\u0105 rozwa\u017cymy,<\/li>\n\n\n\n<li>wys\u0142anie informacji o planowanym wydarzeniu oraz o konkursach skierowanych do student\u00f3w i absolwent\u00f3w,<\/li>\n\n\n\n<li>propagowanie katalog\u00f3w, broszur, ulotek i plakat\u00f3w promuj\u0105cych dzia\u0142alno\u015b\u0107 firmy, w\u015br\u00f3d student\u00f3w i absolwent\u00f3w na terenie Uczelni.<\/li>\n<\/ul>\n\n\n\n<p>W celu zamieszczenia oferty w serwisie Akademickiego Biura Karier Zawodowych SWPW w P\u0142ocku prosimy o przes\u0142anie na adres mailowy: <strong>praca@wlodkowic.pl<\/strong> zredagowanych og\u0142osze\u0144 zawieraj\u0105cych:<br> \u2022 Nazw\u0119 pracodawcy (je\u015bli charakter prowadzonej rekrutacji jest ukryty, prosimy o podanie tej informacji w tre\u015bci wiadomo\u015bci)<br> \u2022 Nazw\u0119 stanowiska, na kt\u00f3re prowadzona jest rekrutacja<br> \u2022 Kr\u00f3tki opis oferty \/ ramowy zakres obowi\u0105zk\u00f3w<br> \u2022 Oczekiwania wzgl\u0119dem kandydat\u00f3w<br> \u2022 Miejsce pracy<br> \u2022 Dane kontaktowe dla kandydat\u00f3w<br> \u2022 Dat\u0119 wa\u017cno\u015bci oferty<\/p>\n\n\n\n<figure class=\"wp-block-image is-resized\"><img loading=\"lazy\" decoding=\"async\" width=\"720\" height=\"720\" src=\"http:\/\/kariera.wlodkowic.pl\/wp-content\/uploads\/2019\/05\/team-3738261_960_720-1.jpg\" alt=\"\" class=\"wp-image-648\" style=\"width:378px;height:378px\"\/><\/figure>\n","protected":false},"excerpt":{"rendered":"<p>Akademickie Biuro Karier Zawodowych Szko\u0142y Wy\u017cszej im. Paw\u0142a W\u0142odkowica w P\u0142ocku zaprasza do wsp\u00f3\u0142pracy przedstawicieli firm i instytucji w zakresie podejmowania wsp\u00f3lnych inicjatyw oraz zamieszczania og\u0142osze\u0144 z ofertami pracy, praktyk, sta\u017cy, pracy dorywczej oraz wolontariatu dla student\u00f3w i absolwent\u00f3w. Ze <span class=\"readmore\"><a href=\"https:\/\/kariera.wlodkowic.pl\/index.php\/kontakt\/\">Czytaj dalej<\/a><\/span><\/p>\n","protected":false},"author":2,"featured_media":0,"parent":0,"menu_order":0,"comment_status":"closed","ping_status":"closed","template":"","meta":{"footnotes":""},"class_list":["post-80","page","type-page","status-publish","hentry"],"_links":{"self":[{"href":"https:\/\/kariera.wlodkowic.pl\/index.php\/wp-json\/wp\/v2\/pages\/80","targetHints":{"allow":["GET"]}}],"collection":[{"href":"https:\/\/kariera.wlodkowic.pl\/index.php\/wp-json\/wp\/v2\/pages"}],"about":[{"href":"https:\/\/kariera.wlodkowic.pl\/index.php\/wp-json\/wp\/v2\/types\/page"}],"author":[{"embeddable":true,"href":"https:\/\/kariera.wlodkowic.pl\/index.php\/wp-json\/wp\/v2\/users\/2"}],"replies":[{"embeddable":true,"href":"https:\/\/kariera.wlodkowic.pl\/index.php\/wp-json\/wp\/v2\/comments?post=80"}],"version-history":[{"count":7,"href":"https:\/\/kariera.wlodkowic.pl\/index.php\/wp-json\/wp\/v2\/pages\/80\/revisions"}],"predecessor-version":[{"id":1499,"href":"https:\/\/kariera.wlodkowic.pl\/index.php\/wp-json\/wp\/v2\/pages\/80\/revisions\/1499"}],"wp:attachment":[{"href":"https:\/\/kariera.wlodkowic.pl\/index.php\/wp-json\/wp\/v2\/media?parent=80"}],"curies":[{"name":"wp","href":"https:\/\/api.w.org\/{rel}","templated":true}]}}