{"id":693,"date":"2019-05-21T10:37:20","date_gmt":"2019-05-21T08:37:20","guid":{"rendered":"http:\/\/kariera.wlodkowic.pl\/?page_id=693"},"modified":"2019-05-21T11:42:47","modified_gmt":"2019-05-21T09:42:47","slug":"jakich-pracownikow-poszukuja-pracodawcy","status":"publish","type":"page","link":"https:\/\/kariera.wlodkowic.pl\/index.php\/poradniki\/jakich-pracownikow-poszukuja-pracodawcy\/","title":{"rendered":"Jakich pracownik\u00f3w poszukuj\u0105 pracodawcy ?"},"content":{"rendered":"\n<p style=\"color:#0010a3\" class=\"has-text-color\"><strong><em>Komunikatywny, ch\u0119tny do nauki, potrafi\u0105cy radzi\u0107 sobie ze stresem. W\u0142a\u015bnie takich cech u kandydat\u00f3w szukaj\u0105 pracodawcy, cz\u0119sto wymieniaj\u0105c wskazane kompetencje w ofertach pracy. Licz\u0105 si\u0119 wi\u0119c nie tylko umiej\u0119tno\u015bci twarde, jak np. znajomo\u015b\u0107 j\u0119zyk\u00f3w obcych, obs\u0142uga komputera czy urz\u0105dze\u0144 biurowych. Du\u017ce znaczenie maj\u0105 te\u017c kompetencje mi\u0119kkie.<\/em><\/strong><\/p>\n\n\n\n<figure class=\"wp-block-image is-resized\"><img loading=\"lazy\" decoding=\"async\" src=\"http:\/\/kariera.wlodkowic.pl\/wp-content\/uploads\/2019\/05\/1636.jpg\" alt=\"\" class=\"wp-image-699\" width=\"850\" height=\"204\"\/><\/figure>\n\n\n\n<p><strong>Oto 5 kompetencji, kt\u00f3re cz\u0119sto pojawiaj\u0105 si\u0119 w og\u0142oszeniach o prac\u0119:<\/strong><\/p>\n\n\n\n<p><strong>1. Komunikatywno\u015b\u0107<\/strong><br> Jest to cecha bardzo po\u017c\u0105dana przez pracodawc\u00f3w praktycznie w ka\u017cdej bran\u017cy. Bycie komunikatywnym oznacza, \u017ce potrafisz w jasny i klarowny spos\u00f3b komunikowa\u0107 si\u0119 z innymi, a tak\u017ce wyra\u017ca\u0107 swoje zdanie\/opinie i s\u0142ucha\u0107 ze zrozumieniem.<br><\/p>\n\n\n\n<p><strong>2. Ch\u0119\u0107 do nauki<\/strong><br> Ch\u0119ci do nauki s\u0105 istotne nie tylko w momencie, kiedy rozpoczynasz prac\u0119, nie maj\u0105c zbyt du\u017cego do\u015bwiadczenia. Dzi\u0119ki nim du\u017co \u0142atwiej wdra\u017ca\u0107 si\u0119 w projekty, a tak\u017ce rozwija\u0107 si\u0119 i\u2026 awansowa\u0107.<br><\/p>\n\n\n\n<p><strong> 3. Elastyczno\u015b\u0107<\/strong><br> Elastyczno\u015b\u0107, czyli zdolno\u015b\u0107 szybkiej adaptacji do nowych warunk\u00f3w, pomaga w wielu sytuacjach, kt\u00f3rych cz\u0119sto nie jeste\u015bmy w stanie przewidzie\u0107. Wsp\u00f3\u0142czesny rynek bardzo si\u0119 zmienia, technologie rozwijaj\u0105 si\u0119, dlatego dostosowywanie si\u0119 do zmian jest wr\u0119cz kluczowe. <br><\/p>\n\n\n\n<p><strong>4. Umiej\u0119tno\u015b\u0107 radzenia sobie ze stresem<\/strong><br> W ka\u017cdej firmie i bran\u017cy b\u0119d\u0105 zdarza\u0107 si\u0119 stresuj\u0105ce momenty. Mo\u017ce by\u0107 to spowodowane nawa\u0142em obowi\u0105zk\u00f3w czy zbli\u017caj\u0105cymi si\u0119 terminami. Odporno\u015b\u0107 na stres jest wtedy niezwykle przydatna, bo dzi\u0119ki niej jeste\u015b w stanie zachowa\u0107 trze\u017awy umys\u0142 i dzia\u0142a\u0107 efektywnie.<br><strong> <\/strong><\/p>\n\n\n\n<p><strong>5. Samodzielno\u015b\u0107 i w\u0142asna inicjatywa<\/strong><br> Im szybciej pracownik przyst\u0105pi do samodzielnego wykonywania obowi\u0105zk\u00f3w, tym lepiej dla firmy. Je\u015bli jednak czego\u015b nie wiesz, co\u015b przekracza Twoje kompetencje, nie b\u00f3j si\u0119 pyta\u0107. Du\u017co obserwuj, wyci\u0105gaj wnioski, upewniaj si\u0119, je\u015bli jakie\u015b zagadnienie nie jest dla Ciebie jasne. Jednocze\u015bnie staraj si\u0119 te\u017c sam szuka\u0107 \u017ar\u00f3de\u0142 wiedzy i wykazywa\u0107 si\u0119 inicjatyw\u0105.  <\/p>\n\n\n\n<p> Wi\u0119cej porad znajdziesz na: <a href=\"https:\/\/porady.pracuj.pl\/\" target=\"_blank\" rel=\"noreferrer noopener\" aria-label=\" (otwiera si\u0119 na nowej zak\u0142adce)\">https:\/\/porady.pracuj.pl\/<\/a><\/p>\n","protected":false},"excerpt":{"rendered":"<p>Komunikatywny, ch\u0119tny do nauki, potrafi\u0105cy radzi\u0107 sobie ze stresem. W\u0142a\u015bnie takich cech u kandydat\u00f3w szukaj\u0105 pracodawcy, cz\u0119sto wymieniaj\u0105c wskazane kompetencje w ofertach pracy. Licz\u0105 si\u0119 wi\u0119c nie tylko umiej\u0119tno\u015bci twarde, jak np. znajomo\u015b\u0107 j\u0119zyk\u00f3w obcych, obs\u0142uga komputera czy urz\u0105dze\u0144 biurowych. <span class=\"readmore\"><a href=\"https:\/\/kariera.wlodkowic.pl\/index.php\/poradniki\/jakich-pracownikow-poszukuja-pracodawcy\/\">Czytaj dalej<\/a><\/span><\/p>\n","protected":false},"author":2,"featured_media":0,"parent":84,"menu_order":0,"comment_status":"closed","ping_status":"closed","template":"","meta":{"footnotes":""},"class_list":["post-693","page","type-page","status-publish","hentry"],"_links":{"self":[{"href":"https:\/\/kariera.wlodkowic.pl\/index.php\/wp-json\/wp\/v2\/pages\/693","targetHints":{"allow":["GET"]}}],"collection":[{"href":"https:\/\/kariera.wlodkowic.pl\/index.php\/wp-json\/wp\/v2\/pages"}],"about":[{"href":"https:\/\/kariera.wlodkowic.pl\/index.php\/wp-json\/wp\/v2\/types\/page"}],"author":[{"embeddable":true,"href":"https:\/\/kariera.wlodkowic.pl\/index.php\/wp-json\/wp\/v2\/users\/2"}],"replies":[{"embeddable":true,"href":"https:\/\/kariera.wlodkowic.pl\/index.php\/wp-json\/wp\/v2\/comments?post=693"}],"version-history":[{"count":5,"href":"https:\/\/kariera.wlodkowic.pl\/index.php\/wp-json\/wp\/v2\/pages\/693\/revisions"}],"predecessor-version":[{"id":709,"href":"https:\/\/kariera.wlodkowic.pl\/index.php\/wp-json\/wp\/v2\/pages\/693\/revisions\/709"}],"up":[{"embeddable":true,"href":"https:\/\/kariera.wlodkowic.pl\/index.php\/wp-json\/wp\/v2\/pages\/84"}],"wp:attachment":[{"href":"https:\/\/kariera.wlodkowic.pl\/index.php\/wp-json\/wp\/v2\/media?parent=693"}],"curies":[{"name":"wp","href":"https:\/\/api.w.org\/{rel}","templated":true}]}}