{"id":227,"date":"2019-02-18T11:24:40","date_gmt":"2019-02-18T10:24:40","guid":{"rendered":"http:\/\/kariera.wlodkowic.pl\/?page_id=227"},"modified":"2019-02-18T11:53:24","modified_gmt":"2019-02-18T10:53:24","slug":"list-motywacyjny","status":"publish","type":"page","link":"https:\/\/kariera.wlodkowic.pl\/index.php\/list-motywacyjny\/","title":{"rendered":"List motywacyjny"},"content":{"rendered":"\n<p class=\"has-text-color has-black-color\">List motywacyjny jest szans\u0105 na zaciekawienie pracodawcy nasz\u0105 osob\u0105, kwalifikacjami oraz profesjonalizmem. Musi dostarczy\u0107 potencjalnemu pracodawcy argument\u00f3w, \u017ceby to nas zaprosi\u0142 na rozmow\u0119 kwalifikacyjn\u0105.<br>W tre\u015bci listu warto wyja\u015bni\u0107, dlaczego aplikujemy na dane stanowisko, dlaczego chcemy pracowa\u0107 w\u0142a\u015bnie u tego konkretnego pracodawcy, w tej konkretnej bran\u017cy.<br>List motywacyjny powinien by\u0107 zwi\u0119z\u0142y i przejrzysty &#8211; napisany czcionk\u0105, kt\u00f3r\u0105 si\u0119 dobrze czyta. Powinien zawiera\u0107 odst\u0119py pomi\u0119dzy poruszanymi tematami (akapitami) i nie przekracza\u0107 d\u0142ugo\u015bci jednej strony formatu A4. <\/p>\n\n\n\n<p><strong>List motywacyjny ma do\u015b\u0107 \u015bci\u015ble okre\u015blony wygl\u0105d. W cz\u0119\u015bci nag\u0142\u00f3wkowej zawiera:     <\/strong><\/p>\n\n\n\n<ul class=\"wp-block-list\"><li>imi\u0119 i nazwisko kandydata oraz jego nr telefonu i adres e-mail (u g\u00f3ry, z lewej strony)                                      <\/li><li>miejscowo\u015b\u0107 i data (u g\u00f3ry, z  prawej strony)  <\/li><li>imi\u0119, nazwisko, funkcja i dzia\u0142, w kt\u00f3rym pracuje osoba, do kt\u00f3rej wysy\u0142asz swoje dokumenty aplikacyjne (poni\u017cej miejscowo\u015bci i daty, z prawej strony). Je\u015bli nie wiemy, jak nazywa si\u0119 ta osoba, podajemy dzia\u0142, w kt\u00f3rym pracuje; je\u015bli i tego nie wiemy, wpisujemy w tym miejscu tylko nazw\u0119 firmy<\/li><\/ul>\n\n\n\n<p>Rozpocznij zwrotem grzeczno\u015bciowym: <br>np. <strong><em>Szanowni Pa\u0144stwo, Szanowna Pani, Szanowny Panie<\/em><\/strong><\/p>\n\n\n\n<p>1. Wyja\u015bnij sk\u0105d wiesz o naborze i na jakie stanowisko aplikujesz, sk\u0105d dowiedzia\u0142e\u015b si\u0119 o ofercie, nie zapomnij o numerze referencyjnym og\u0142oszenia, niekt\u00f3re firmy zatrudniaj\u0105 naraz wielu ludzi i numer pomaga im posegregowa\u0107 aplikacje.<br>2. Nast\u0119pnie przekonaj pracodawc\u0119, \u017ce jeste\u015b t\u0105 osob\u0105, kt\u00f3rej poszukuje na dane stanowisko. Potwierdzaj, \u017ce masz odpowiednie kwalifikacje i umiej\u0119tno\u015bci. W skr\u00f3cie wymie\u0144 swoje zalety, kt\u00f3re s\u0105 zbie\u017cne ze stanowiskiem, o kt\u00f3re si\u0119 starasz.<br>3. Napisz o zdobytych do\u015bwiadczeniach i sukcesach jakie zdoby\u0142e\u015b, a kt\u00f3re pozwol\u0105 skutecznie realizowa\u0107 zadania w nowej firmie<br>4. Podkre\u015bl powody dla kt\u00f3rych chcesz pracowa\u0107 dla tej firmy <br>5. Przekonaj pracodawc\u0119, \u017ce on b\u0119dzie mia\u0142 z zatrudnienia Ciebie co najmniej tyle samo korzy\u015bci, co Ty z podj\u0119cia pracy u niego. Uk\u0142ad musi si\u0119 op\u0142aca\u0107 obu stronom.<br>6. Na zako\u0144czenie listu mo\u017cesz napisa\u0107, \u017ce z przyjemno\u015bci\u0105 zaprezentujesz si\u0119 podczas rozmowy kwalifikacyjnej (<em>\u201eZ przyjemno\u015bci\u0105 wezm\u0119 udzia\u0142 w rozmowie kwalifikacyjnej w dogodnym dla Pa\u0144stwa terminie i dzi\u0119kuj\u0119 za po\u015bwi\u0119cenie czasu na zapoznanie si\u0119 z moj\u0105 aplikacj\u0105\u201d<\/em>).<br>Nie nale\u017cy zapomnie\u0107 o podpisie, wystarczy standardowa formu\u0142ka <em>\u201e Z powa\u017caniem\u201d<\/em> oraz imi\u0119 i nazwisko.<\/p>\n\n\n\n<figure class=\"wp-block-image\"><img loading=\"lazy\" decoding=\"async\" width=\"559\" height=\"732\" src=\"http:\/\/kariera.wlodkowic.pl\/wp-content\/uploads\/2019\/02\/list_motywacyjny.jpg\" alt=\"\" class=\"wp-image-231\" srcset=\"https:\/\/kariera.wlodkowic.pl\/wp-content\/uploads\/2019\/02\/list_motywacyjny.jpg 559w, https:\/\/kariera.wlodkowic.pl\/wp-content\/uploads\/2019\/02\/list_motywacyjny-229x300.jpg 229w\" sizes=\"auto, (max-width: 559px) 100vw, 559px\" \/><\/figure>\n","protected":false},"excerpt":{"rendered":"<p>List motywacyjny jest szans\u0105 na zaciekawienie pracodawcy nasz\u0105 osob\u0105, kwalifikacjami oraz profesjonalizmem. Musi dostarczy\u0107 potencjalnemu pracodawcy argument\u00f3w, \u017ceby to nas zaprosi\u0142 na rozmow\u0119 kwalifikacyjn\u0105.W tre\u015bci listu warto wyja\u015bni\u0107, dlaczego aplikujemy na dane stanowisko, dlaczego chcemy pracowa\u0107 w\u0142a\u015bnie u tego konkretnego <span class=\"readmore\"><a href=\"https:\/\/kariera.wlodkowic.pl\/index.php\/list-motywacyjny\/\">Czytaj dalej<\/a><\/span><\/p>\n","protected":false},"author":2,"featured_media":0,"parent":0,"menu_order":0,"comment_status":"closed","ping_status":"closed","template":"","meta":{"footnotes":""},"class_list":["post-227","page","type-page","status-publish","hentry"],"_links":{"self":[{"href":"https:\/\/kariera.wlodkowic.pl\/index.php\/wp-json\/wp\/v2\/pages\/227","targetHints":{"allow":["GET"]}}],"collection":[{"href":"https:\/\/kariera.wlodkowic.pl\/index.php\/wp-json\/wp\/v2\/pages"}],"about":[{"href":"https:\/\/kariera.wlodkowic.pl\/index.php\/wp-json\/wp\/v2\/types\/page"}],"author":[{"embeddable":true,"href":"https:\/\/kariera.wlodkowic.pl\/index.php\/wp-json\/wp\/v2\/users\/2"}],"replies":[{"embeddable":true,"href":"https:\/\/kariera.wlodkowic.pl\/index.php\/wp-json\/wp\/v2\/comments?post=227"}],"version-history":[{"count":6,"href":"https:\/\/kariera.wlodkowic.pl\/index.php\/wp-json\/wp\/v2\/pages\/227\/revisions"}],"predecessor-version":[{"id":242,"href":"https:\/\/kariera.wlodkowic.pl\/index.php\/wp-json\/wp\/v2\/pages\/227\/revisions\/242"}],"wp:attachment":[{"href":"https:\/\/kariera.wlodkowic.pl\/index.php\/wp-json\/wp\/v2\/media?parent=227"}],"curies":[{"name":"wp","href":"https:\/\/api.w.org\/{rel}","templated":true}]}}