{"id":212,"date":"2019-02-13T12:23:49","date_gmt":"2019-02-13T11:23:49","guid":{"rendered":"http:\/\/kariera.wlodkowic.pl\/?page_id=212"},"modified":"2019-02-13T14:13:16","modified_gmt":"2019-02-13T13:13:16","slug":"profesjonalne-cv","status":"publish","type":"page","link":"https:\/\/kariera.wlodkowic.pl\/index.php\/profesjonalne-cv\/","title":{"rendered":"Profesjonalne CV"},"content":{"rendered":"\n<p><strong>Profesjonalne CV to furtka do kariery&#8230;<\/strong>Ten kr\u00f3tki \u017cyciorys decyduje o tym, czy zostaniemy zaproszeni na rozmow\u0119 kwalifikacyjn\u0105.  Na opracowanie dobrego CV warto po\u015bwi\u0119ci\u0107 czas, bo to ono zapewnia pierwszy kontakt z pracodawc\u0105. Jest swego rodzaju przepustk\u0105 do kariery, pierwszym krokiem, kt\u00f3ry pozwala na p\u00f3\u017aniejsz\u0105 prezentacj\u0119. Ka\u017cdy \u017cyciorys powinien zawiera\u0107 niezb\u0119dne elementy, kt\u00f3re po odpowiedniej personalizacji opowie histori\u0119 naszej edukacji i kariery. Nie watro jednak przesadza\u0107 ! Wa\u017cne, \u017ceby w CV znalaz\u0142y si\u0119 obszary istotne i warto\u015bciowe z perspektywy pracodawcy.<\/p>\n\n\n\n<p style=\"color:#00a355\" class=\"has-text-color\"><strong>Profesjonalne CV to takie, kt\u00f3re zawiera:<\/strong><\/p>\n\n\n\n<p><strong>Dane osobowe i kontakt<\/strong><br>Najlepiej je\u017celi znajduj\u0105 si\u0119 na g\u00f3rze dokumentu, z odpowiednim oddzieleniem od pozosta\u0142ych cz\u0119\u015bci. Podstawowe parametry umo\u017cliwiaj\u0105cych nasz\u0105 identyfikacj\u0119 to:<br>imi\u0119 i nazwisko, data urodzenia\/wiek, adres zamieszkania, telefon, e-mail, profil spo\u0142eczno\u015bciowy.<\/p>\n\n\n\n<p> Klika s\u0142\u00f3w obja\u015bnienia:  <br>&#8211; wiek nale\u017cy podawa\u0107, je\u017celi obawiamy si\u0119 \u017ce nie dostaniemy pracy, bo jeste\u015bmy za m\u0142odzi\/za starzy \u2013 taka firma nie jest dla nas. Za kandydatem maj\u0105 przemawia\u0107 jego umiej\u0119tno\u015bci, a nie pesel;  <br>&#8211; podaj\u0105c adres, pami\u0119tajmy, \u017ce w momencie aplikacji pracodawc\u0119 interesuje to, gdzie przebywamy w danym momencie (adres zamieszkania czy tzw. adres do korespondencji);   <br>&#8211; telefon i adres e-mail przepisujmy z wyj\u0105tkow\u0105 staranno\u015bci\u0105. Nie warto \u017ceby liter\u00f3wka zamkn\u0119\u0142a nam drzwi do kariery. Adres email najlepiej je\u015bli sk\u0142ada si\u0119 z imienia i nazwiska, wygl\u0105da wtedy profesjonalnie;  <br>&#8211; coraz cz\u0119\u015bciej pracownicy chwal\u0105 si\u0119 swoimi profilami na portalach biznesowych. Ma to sens, je\u017celi jeste\u015bmy ich aktywnymi uczestnikami, a odwiedzenie strony faktycznie dostarcza dodatkowych informacji o kandydacie.   <\/p>\n\n\n\n<p><strong>Zdj\u0119cie w CV<\/strong><br>Wiadomo, \u017ce pierwszym, co dostrze\u017ce baczne oko rekrutera, b\u0119dzie nasze zdj\u0119cie, a nasza aplikacja musi wygl\u0105da\u0107 profesjonalnie. Pami\u0119tajmy, \u017ce nie do\u0142\u0105czamy fotografii z wakacji czy pikniku, kt\u00f3re maj\u0105 charakter prywatny , bo to na pierwszym miejscu dyskwalifikuje kandydata staraj\u0105cego si\u0119 o powa\u017cne stanowisko. Uj\u0119cie portretowe wypada najlepiej.<\/p>\n\n\n\n<p><strong>Do\u015bwiadczenie zawodowe i umiej\u0119tno\u015bci<\/strong><br> CV jako zawodowa wizyt\u00f3wka powinno rozwija\u0107 si\u0119 wraz z karier\u0105.  Do\u015bwiadczenie zawodowe najlepiej punktowa\u0107 chronologicznie, zaczynaj\u0105c od naj\u015bwie\u017cszego. Najwa\u017cniejsze jest obejmowane stanowisko, najlepiej je pogrubi\u0107. Oczywi\u015bcie musi znale\u017a\u0107 si\u0119 firma w jakiej pracowali\u015bmy, ale ponadto dobrze jest opisa\u0107 obowi\u0105zki jakie wype\u0142niali\u015bmy.<br>          Osoby podejmuj\u0105ce pierwsz\u0105 prac\u0119 mog\u0105 wymieni\u0107 odbyte praktyki studenckie, sta\u017ce, prace dorywcze, prace wakacyjne w kraju i za granic\u0105, wolontariat, aktywno\u015b\u0107 spo\u0142eczn\u0105 np. w Samorz\u0105dzie Studenckim.<br>Je\u017celi wspominamy o posiadanych umiej\u0119tno\u015bciach, nie wymy\u015blajmy, nie naci\u0105gajmy rzeczywisto\u015bci. T\u0119 rubryk\u0119 naszego \u017cyciorysu warto modyfikowa\u0107 w zale\u017cno\u015bci od stanowiska, na kt\u00f3re aplikujemy. Nie zapominajmy o umiej\u0119tno\u015bciach mi\u0119kkich, tj. komunikatywno\u015bci, umiej\u0119tno\u015bci pracy w zespole czy kreatywno\u015bci. S\u0105 r\u00f3wnie wa\u017cne jak twarde kompetencje, czyli np. znajomo\u015b\u0107 konkretnych program\u00f3w komputerowych. W tym miejscu umieszczamy r\u00f3wnie\u017c informacje odno\u015bnie prawa jazdy.<\/p>\n\n\n\n<p><strong>Wykszta\u0142cenie<\/strong><br>W cz\u0119\u015bci po\u015bwi\u0119conej wykszta\u0142ceniu nale\u017cy zastosowa\u0107 uk\u0142ad achroniologiczny, tzn. informacje najbardziej aktualne umie\u015bci\u0107 na samym pocz\u0105tku. Daty rozpocz\u0119cia i zako\u0144czenia studi\u00f3w powinny sk\u0142ada\u0107 si\u0119 z miesi\u0105ca i roku. Podajemy te\u017c nazw\u0119 uczelni oraz kierunek i specjalizacj\u0119. Je\u017celi nie chodzili\u015bmy do liceum o profilu, kt\u00f3ry mia\u0142by znaczenie dla pracodawcy, mo\u017cemy omin\u0105\u0107 ten etap edukacji. <\/p>\n\n\n\n<p><strong>J\u0119zyki<\/strong><br>Znajomo\u015b\u0107 j\u0119zyk\u00f3w obcych \u2013 informacje na ten temat musz\u0105 by\u0107 mo\u017cliwie szczeg\u00f3\u0142owe. Najlepiej poda\u0107 stopie\u0144 znajomo\u015bci j\u0119zyka w mowie, pi\u015bmie i czytaniu. Warto pochwali\u0107 si\u0119 r\u00f3wnie\u017c posiadanymi certyfikatami. Nie warto natomiast podawa\u0107 nieprawdziwych informacji, bo mo\u017ce czeka\u0107 nas niemi\u0142e zaskoczenie. Je\u015bli znajomo\u015b\u0107 j\u0119zyka obcego jest potrzebna na danym stanowisku, pracodawca na pewno to sprawdzi.<\/p>\n\n\n\n<p><strong>Informacje dodatkowe<\/strong><br>To miejsce mo\u017ce si\u0119 pojawi\u0107, ale nie musi. Je\u017celi chcemy zaprezentowa\u0107 swoje zainteresowania lub hobby, mo\u017cemy to zrobi\u0107, je\u017celi ma ono jakikolwiek zwi\u0105zek z prac\u0105. Je\u017celi w informacjach dodatkowych planujemy napisa\u0107: czytanie ksi\u0105\u017cek, podr\u00f3\u017ce, muzyka\u2026 lepiej darowa\u0107 sobie tak\u0105 linijk\u0119, a dodatkow\u0105 rubryk\u0119 mo\u017cna przeznaczy\u0107 na kursy i szkolenia. Pami\u0119tajmy jednak o modyfikacji potrzebnych informacji w zale\u017cno\u015bci od firmy. Nie zawsze istotny jest kurs pierwszej pomocy.<\/p>\n\n\n\n<p><strong>Zgoda na przetwarzanie danych osobowych<\/strong><br>W stopce CV zawsze trzeba umie\u015bci\u0107 klauzul\u0119: <em>Wyra\u017cam zgod\u0119 na przetwarzanie moich danych osobowych dla potrzeb niezb\u0119dnych do realizacji procesu rekrutacji (zgodnie z Ustaw\u0105 z dnia 29.08.1997 roku o Ochronie Danych Osobowych; tekst jednolity: Dz.U.z 2014r., poz.1182 ze zm.).<\/em>                                             Pracodawca mo\u017ce wymaga\u0107 nieco innej klauzuli, ale wtedy na pewno zaznaczy to w og\u0142oszeniu.<\/p>\n\n\n\n<p><strong>Pami\u0119tajmy:<\/strong><br>Wygl\u0105d ma znaczenie &#8211; estetyczne CV przyci\u0105gnie rekruter\u00f3w. Ca\u0142o\u015b\u0107 powinna si\u0119 zmie\u015bci\u0107 na jednej stronie A4. Minimalizm \u015bwietnie sprawdza si\u0119 w dokumentach i poka\u017ce nas z profesjonalnej strony. Natomiast b\u0142\u0119dy ortograficzne mog\u0105 nas skre\u015bli\u0107 w oczach rekrutera, musimy zatem dba\u0107 o poprawno\u015b\u0107 gramatyczn\u0105, stylistyczn\u0105 i ortograficzn\u0105. Je\u017celi nie jeste\u015bmy pewni, sprawdzajmy i pro\u015bmy o pomoc. Wszystkie uwagi s\u0105 cenne. <\/p>\n","protected":false},"excerpt":{"rendered":"<p>Profesjonalne CV to furtka do kariery&#8230;Ten kr\u00f3tki \u017cyciorys decyduje o tym, czy zostaniemy zaproszeni na rozmow\u0119 kwalifikacyjn\u0105. Na opracowanie dobrego CV warto po\u015bwi\u0119ci\u0107 czas, bo to ono zapewnia pierwszy kontakt z pracodawc\u0105. Jest swego rodzaju przepustk\u0105 do kariery, pierwszym krokiem, <span class=\"readmore\"><a href=\"https:\/\/kariera.wlodkowic.pl\/index.php\/profesjonalne-cv\/\">Czytaj dalej<\/a><\/span><\/p>\n","protected":false},"author":2,"featured_media":0,"parent":0,"menu_order":0,"comment_status":"closed","ping_status":"closed","template":"","meta":{"footnotes":""},"class_list":["post-212","page","type-page","status-publish","hentry"],"_links":{"self":[{"href":"https:\/\/kariera.wlodkowic.pl\/index.php\/wp-json\/wp\/v2\/pages\/212","targetHints":{"allow":["GET"]}}],"collection":[{"href":"https:\/\/kariera.wlodkowic.pl\/index.php\/wp-json\/wp\/v2\/pages"}],"about":[{"href":"https:\/\/kariera.wlodkowic.pl\/index.php\/wp-json\/wp\/v2\/types\/page"}],"author":[{"embeddable":true,"href":"https:\/\/kariera.wlodkowic.pl\/index.php\/wp-json\/wp\/v2\/users\/2"}],"replies":[{"embeddable":true,"href":"https:\/\/kariera.wlodkowic.pl\/index.php\/wp-json\/wp\/v2\/comments?post=212"}],"version-history":[{"count":6,"href":"https:\/\/kariera.wlodkowic.pl\/index.php\/wp-json\/wp\/v2\/pages\/212\/revisions"}],"predecessor-version":[{"id":226,"href":"https:\/\/kariera.wlodkowic.pl\/index.php\/wp-json\/wp\/v2\/pages\/212\/revisions\/226"}],"wp:attachment":[{"href":"https:\/\/kariera.wlodkowic.pl\/index.php\/wp-json\/wp\/v2\/media?parent=212"}],"curies":[{"name":"wp","href":"https:\/\/api.w.org\/{rel}","templated":true}]}}