{"id":202,"date":"2019-02-13T10:16:35","date_gmt":"2019-02-13T09:16:35","guid":{"rendered":"http:\/\/kariera.wlodkowic.pl\/?page_id=202"},"modified":"2019-02-13T10:42:40","modified_gmt":"2019-02-13T09:42:40","slug":"planowanie-kariery-zawodowej","status":"publish","type":"page","link":"https:\/\/kariera.wlodkowic.pl\/index.php\/planowanie-kariery-zawodowej\/","title":{"rendered":"Planowanie kariery zawodowej"},"content":{"rendered":"\n<p><strong>Planowanie\nkariery zawodowej<\/strong><\/p>\n\n\n\n<p>Nasza przysz\u0142o\u015b\u0107 zawodowa oraz efektywno\u015b\u0107 decyzji edukacyjnych i zawodowych zaczyna si\u0119 od NAS SAMYCH. Oznacza to, \u017ce najistotniejsze jest, aby\u015bmy zrozumieli, kim jeste\u015bmy, jaki jest nasz indywidualny profil zainteresowa\u0144 zawodowych oraz jak mo\u017cemy wykorzysta\u0107 swoje mocne strony osobowo\u015bci, aby podj\u0105\u0107 jak najlepsze decyzje edukacyjne i zawodowe.<\/p>\n\n\n\n<p>O czego trzeba zacz\u0105\u0107, aby zaplanowa\u0107 swoj\u0105 karier\u0119 zawodow\u0105 ? <br>Przede wszystkim od samego siebie &#8211; od \u015bwiadomo\u015bci w\u0142asnych predyspozycji, cel\u00f3w \u017cyciowych i sposob\u00f3w na ich osi\u0105gni\u0119cie. W tym celu pomocne b\u0119dzie zapoznanie si\u0119 ze specyfik\u0105 danych zawod\u00f3w oraz uzyskanie jak najwi\u0119cej wiedzy na w\u0142asny temat, samopoznanie z wykorzystaniem test\u00f3w predyspozycji, kompetencyjnych i osobowo\u015bciowych. Wiedza o samym sobie, o zawodach i o rynku pracy to niezb\u0119dne elementy profilowania w\u0142asnej drogi zawodowej. <\/p>\n\n\n\n<ol class=\"wp-block-list\"><li><strong>Poznaj samego siebie<\/strong><\/li><\/ol>\n\n\n\n<p>Rozpoznawanie w\u0142asnych cech, umiej\u0119tno\u015bci i zainteresowa\u0144  to niezb\u0119dna czynno\u015b\u0107 przy planowaniu swojej edukacji oraz kariery zawodowej. To, co my\u015blimy o sobie, ma ogromny wp\u0142yw na nasze \u017cycie, na to, jak si\u0119 zachowujemy, jaki mamy stosunek do siebie i do innych ludzi. Dokonanie samooceny wzbogaca wiedz\u0119 o sobie. Poznanie siebie u\u0142atwi  te\u017c odnalezienie mocnych stron oraz tych element\u00f3w, nad kt\u00f3rymi warto jeszcze popracowa\u0107.<br>Odpowiedz sobie na pytania: <br>jakie s\u0142abe strony spostrzegaj\u0105 u ciebie inni ludzie?, jakie s\u0105 twoje charakterystyczne cechy?,  jakich umiej\u0119tno\u015bci ci brakuje?, co umiesz robi\u0107 dobrze?,  co wychodzi ci gorzej?,  za co chwal\u0105 ci\u0119 inni?,  czego powiniene\u015b\/powinna\u015b unika\u0107?,  co lubisz robi\u0107?,  co chcia\u0142by\u015b\/chcia\u0142aby\u015b robi\u0107 co\u015b lepiej?<\/p>\n\n\n\n<p>2. <strong>Wybierz zaw\u00f3d odpowiedni dla siebie, w kt\u00f3rym b\u0119dziesz czu\u0142\/czu\u0142a si\u0119 dobrze<\/strong><\/p>\n\n\n\n<p>W odniesieniu do swoich cech osobowych i umiej\u0119tno\u015bci zdecyduj si\u0119 na zaw\u00f3d, kt\u00f3rym jeste\u015b zainteresowany. Najlepiej okre\u015bli\u0107 grup\u0119 zawod\u00f3w, w kt\u00f3rych chcesz w przysz\u0142o\u015bci pracowa\u0107. Pami\u0119taj, \u017ce zmieniaj\u0105cy si\u0119 rynek pracy sprawia, \u017ce cz\u0119sto uko\u0144czony kierunek studi\u00f3w, posiadane do\u015bwiadczenie i umiej\u0119tno\u015bci, okazuj\u0105 si\u0119 niewystarczaj\u0105ce. St\u0105d konieczno\u015b\u0107 podnoszenia swoich kwalifikacji oraz elastyczno\u015b\u0107 w dopasowaniu do zmieniaj\u0105cej si\u0119 rzeczywisto\u015bci. Coraz cz\u0119\u015bciej zdarza si\u0119, \u017ce musimy si\u0119 przekwalifikowa\u0107. Warto unikn\u0105\u0107 zaskoczenia i my\u015bl\u0105c o dalszej\u00a0karierze zawodowej, pami\u0119ta\u0107 o konieczno\u015bci ci\u0105g\u0142ego rozwoju. Wolny czas warto wykorzysta\u0107 na nauk\u0119 j\u0119zyk\u00f3w obcych, na udzia\u0142 w kursach i warsztatach.  <\/p>\n\n\n\n<p>3. <strong>Przygotuj si\u0119 do szukania pracy<\/strong><\/p>\n\n\n\n<p style=\"text-align:left\">&#8211; sporz\u0105d\u017a dokumenty aplikacyjne: CV i list motywacyjny dostosowuj\u0105c ich form\u0119 i tre\u015b\u0107 do w\u0142asnej  historii zawodowej;                                                                                                                                                                                   &#8211; tw\u00f3rz sie\u0107 kontakt\u00f3w w\u015br\u00f3d znajomych, rodziny, bliskich, kt\u00f3rzy mog\u0105 pom\u00f3c w zdobywaniu informacji dotycz\u0105cych wolnych miejsc pracy. Najlepiej je\u015bli wszyscy wok\u00f3\u0142 wiedz\u0105, \u017ce poszukujesz pracy;  <br>&#8211; docieraj do&nbsp; og\u0142osze\u0144 prasowych, radiowych, wykorzystuj Internet jako \u017ar\u00f3d\u0142o informacji o rynku pracy;  <br>&#8211; korzystaj z agencji po\u015brednictwa pracy, s\u0105 to firmy, do kt\u00f3rych zwracaj\u0105 si\u0119 pracodawcy, celem znalezienia odpowiedniego pracownika;   <br>&#8211; bierz udzia\u0142 w targach pracy;   <br>&#8211; we\u017a udzia\u0142 w warsztatach, na kt\u00f3rych b\u0119dziesz m\u00f3g\u0142 lepiej przygotowa\u0107 si\u0119 do poszukiwania pracy;  <br>&#8211; stw\u00f3rz w\u0142asn\u0105 ofert\u0119 \u2013 jest to dobra metoda poszukiwania pracy; poza dostarczeniem dokument\u00f3w aplikacyjnych do firmy, to tak\u017ce dobra okazja, aby spotka\u0107 si\u0119 osobi\u015bcie z pracodawc\u0105 i zaprezentowa\u0107 swoje umiej\u0119tno\u015bci.   <\/p>\n\n\n\n<p>4. <strong>Dowiedz si\u0119, jak wygl\u0105da aktualnie rynek pracy<\/strong><\/p>\n\n\n\n<p>Zapoznaj si\u0119 z aktualnym stanem oraz prognozami ekspert\u00f3w o runku pracy. \u0179r\u00f3d\u0142ami interesuj\u0105cych danych mog\u0105 by\u0107: prasa, Internet (strony ministerstw oraz urz\u0119d\u00f3w pracy), radio, telewizja, opracowania ksi\u0105\u017ckowe, publikacje, a tak\u017ce inni ludzie. Warto skorzysta\u0107 z us\u0142ugi doradcy zawodowego. Mo\u017cna skorzysta\u0107 z indywidualnego spotkania lub uczestnictwa w spotkaniu grupowym po\u015bwi\u0119conym sytuacji na runku pracy.  <br>Tworz\u0105c plan kariery, opieramy si\u0119 na obecnej wiedzy: o sobie, o trendach na rynku, o rzeczywisto\u015bci. \u017byjemy w \u015bwiecie wci\u0105\u017c si\u0119 zmieniaj\u0105cym, nawet my sami si\u0119 zmieniamy.&nbsp; Wszystkich zmian nie da si\u0119 przewidzie\u0107, nale\u017cy zatem na nie odpowiednio reagowa\u0107 modyfikuj\u0105c plany. Niezwykle trudno karier\u0119 zaplanowa\u0107 raz i potem konsekwentnie j\u0105 realizowa\u0107. Cele zawodowe musz\u0105 by\u0107 ci\u0105gle dostosowywane do rzeczywisto\u015bci.  <\/p>\n\n\n\n<p>Wsp\u00f3\u0142cze\u015bni pracodawcy oczekuj\u0105 od&nbsp;zatrudnianych przez siebie os\u00f3b: punktualno\u015bci, niezawodno\u015bci, samodyscypliny, rzetelno\u015bci, komunikatywno\u015bci oraz&nbsp;entuzjazmu i&nbsp;du\u017cego zapa\u0142u.&nbsp;Osobie, kt\u00f3ra&nbsp;nie rozpozna\u0142a swoich potrzeb zawodowych oraz&nbsp;nie zdefiniowa\u0142a swojej \u015bcie\u017cki zawodowej b\u0119dzie bardzo trudno spe\u0142ni\u0107 wszystkie wymagania. Najlepsza praca i&nbsp;kariera to&nbsp;taka, w&nbsp;kt\u00f3rej cz\u0142owiek mo\u017ce wykorzystywa\u0107 owocnie swoje zasoby czerpi\u0105c z&nbsp;tego wiele satysfakcji.&nbsp;  <\/p>\n","protected":false},"excerpt":{"rendered":"<p>Planowanie kariery zawodowej Nasza przysz\u0142o\u015b\u0107 zawodowa oraz efektywno\u015b\u0107 decyzji edukacyjnych i zawodowych zaczyna si\u0119 od NAS SAMYCH. Oznacza to, \u017ce najistotniejsze jest, aby\u015bmy zrozumieli, kim jeste\u015bmy, jaki jest nasz indywidualny profil zainteresowa\u0144 zawodowych oraz jak mo\u017cemy wykorzysta\u0107 swoje mocne strony <span class=\"readmore\"><a href=\"https:\/\/kariera.wlodkowic.pl\/index.php\/planowanie-kariery-zawodowej\/\">Czytaj dalej<\/a><\/span><\/p>\n","protected":false},"author":2,"featured_media":0,"parent":0,"menu_order":0,"comment_status":"closed","ping_status":"closed","template":"","meta":{"footnotes":""},"class_list":["post-202","page","type-page","status-publish","hentry"],"_links":{"self":[{"href":"https:\/\/kariera.wlodkowic.pl\/index.php\/wp-json\/wp\/v2\/pages\/202","targetHints":{"allow":["GET"]}}],"collection":[{"href":"https:\/\/kariera.wlodkowic.pl\/index.php\/wp-json\/wp\/v2\/pages"}],"about":[{"href":"https:\/\/kariera.wlodkowic.pl\/index.php\/wp-json\/wp\/v2\/types\/page"}],"author":[{"embeddable":true,"href":"https:\/\/kariera.wlodkowic.pl\/index.php\/wp-json\/wp\/v2\/users\/2"}],"replies":[{"embeddable":true,"href":"https:\/\/kariera.wlodkowic.pl\/index.php\/wp-json\/wp\/v2\/comments?post=202"}],"version-history":[{"count":4,"href":"https:\/\/kariera.wlodkowic.pl\/index.php\/wp-json\/wp\/v2\/pages\/202\/revisions"}],"predecessor-version":[{"id":211,"href":"https:\/\/kariera.wlodkowic.pl\/index.php\/wp-json\/wp\/v2\/pages\/202\/revisions\/211"}],"wp:attachment":[{"href":"https:\/\/kariera.wlodkowic.pl\/index.php\/wp-json\/wp\/v2\/media?parent=202"}],"curies":[{"name":"wp","href":"https:\/\/api.w.org\/{rel}","templated":true}]}}