{"id":1507,"date":"2026-01-29T08:50:04","date_gmt":"2026-01-29T07:50:04","guid":{"rendered":"https:\/\/kariera.wlodkowic.pl\/?page_id=1507"},"modified":"2026-01-29T08:56:49","modified_gmt":"2026-01-29T07:56:49","slug":"strona-glowna","status":"publish","type":"page","link":"https:\/\/kariera.wlodkowic.pl\/","title":{"rendered":"Witaj na stronie Akademickiego Biura Karier Zawodowych"},"content":{"rendered":"\n<p><\/p>\n\n\n\n<p>Akademickie Biuro Karier Zawodowych Szko\u0142y Wy\u017cszej im. Paw\u0142a W\u0142odkowica w P\u0142ocku zosta\u0142o powo\u0142ane, aby wspiera\u0107 student\u00f3w i absolwent\u00f3w Uczelni w zaplanowaniu \u015bcie\u017cki rozwoju zawodowego oraz efektywnym funkcjonowaniu na rynku pracy.<\/p>\n\n\n\n<p><strong>Zadaniami Akademickiego Biura Karier Zawodowych s\u0105 m.in.:<\/strong><br>\u2022 dzia\u0142ania doradcze i szkoleniowe: poradnictwo indywidualne, testy psychologiczne, rozmowy doradcze, pomoc w przygotowaniu si\u0119 do kontakt\u00f3w z pracodawc\u0105;<br>\u2022 dzia\u0142ania informacyjne: udost\u0119pnianie informacji o rynku pracy, wymaganiach pracodawc\u00f3w, procedurach rekrutacyjnych;<br>\u2022 dzia\u0142ania badawcze: badania ankietowe student\u00f3w i absolwent\u00f3w,<br>\u2022 organizacja szkole\u0144 i warsztat\u00f3w;<br>\u2022 organizacja prezentacji firm na uczelni,<br>\u2022 udost\u0119pnianie informacji o ofertach pracy, sta\u017cu, praktyk<br>\u2022 wsp\u00f3\u0142praca z pracodawcami oraz instytucjami rynku pracy<\/p>\n\n\n\n<p>Zadania Akademickiego Biura Karier Zawodowych adresowane s\u0105 do przysz\u0142ych, potencjalnych kandydat\u00f3w na studia w Szkole Wy\u017cszej im. Paw\u0142a W\u0142odkowica w P\u0142ocku, student\u00f3w jak i absolwent\u00f3w Uczelni.<\/p>\n\n\n\n<p>Akademickie Biuro Karier Zawodowych zosta\u0142o za\u0142o\u017cone w 1997 roku i dzia\u0142a jako autonomiczna jednostka Uczelni. Z dniem 3 listopada 2003 roku zosta\u0142o wpisane do rejestru agencji zatrudnienia jako agencja po\u015brednictwa pracy w zakresie po\u015brednictwa pracy na terenie Rzeczypospolitej Polskiej i otrzyma\u0142o stosowny certyfikat nr 193. Od kwietnia 2003 roku jest cz\u0142onkiem Og\u00f3lnopolskiej Sieci Biur Karier.<\/p>\n\n\n\n<p><\/p>\n","protected":false},"excerpt":{"rendered":"<p>Akademickie Biuro Karier Zawodowych Szko\u0142y Wy\u017cszej im. Paw\u0142a W\u0142odkowica w P\u0142ocku zosta\u0142o powo\u0142ane, aby wspiera\u0107 student\u00f3w i absolwent\u00f3w Uczelni w zaplanowaniu \u015bcie\u017cki rozwoju zawodowego oraz efektywnym funkcjonowaniu na rynku pracy. Zadaniami Akademickiego Biura Karier Zawodowych s\u0105 m.in.:\u2022 dzia\u0142ania doradcze i <span class=\"readmore\"><a href=\"https:\/\/kariera.wlodkowic.pl\/\">Czytaj dalej<\/a><\/span><\/p>\n","protected":false},"author":2,"featured_media":0,"parent":0,"menu_order":0,"comment_status":"closed","ping_status":"closed","template":"","meta":{"footnotes":""},"class_list":["post-1507","page","type-page","status-publish","hentry"],"_links":{"self":[{"href":"https:\/\/kariera.wlodkowic.pl\/index.php\/wp-json\/wp\/v2\/pages\/1507","targetHints":{"allow":["GET"]}}],"collection":[{"href":"https:\/\/kariera.wlodkowic.pl\/index.php\/wp-json\/wp\/v2\/pages"}],"about":[{"href":"https:\/\/kariera.wlodkowic.pl\/index.php\/wp-json\/wp\/v2\/types\/page"}],"author":[{"embeddable":true,"href":"https:\/\/kariera.wlodkowic.pl\/index.php\/wp-json\/wp\/v2\/users\/2"}],"replies":[{"embeddable":true,"href":"https:\/\/kariera.wlodkowic.pl\/index.php\/wp-json\/wp\/v2\/comments?post=1507"}],"version-history":[{"count":3,"href":"https:\/\/kariera.wlodkowic.pl\/index.php\/wp-json\/wp\/v2\/pages\/1507\/revisions"}],"predecessor-version":[{"id":1510,"href":"https:\/\/kariera.wlodkowic.pl\/index.php\/wp-json\/wp\/v2\/pages\/1507\/revisions\/1510"}],"wp:attachment":[{"href":"https:\/\/kariera.wlodkowic.pl\/index.php\/wp-json\/wp\/v2\/media?parent=1507"}],"curies":[{"name":"wp","href":"https:\/\/api.w.org\/{rel}","templated":true}]}}