{"id":1360,"date":"2021-04-20T08:25:56","date_gmt":"2021-04-20T06:25:56","guid":{"rendered":"http:\/\/kariera.wlodkowic.pl\/?page_id=1360"},"modified":"2021-04-20T08:28:41","modified_gmt":"2021-04-20T06:28:41","slug":"obecnosc-w-mediach-spolecznosciowych-a-poszukiwanie-pracy","status":"publish","type":"page","link":"https:\/\/kariera.wlodkowic.pl\/index.php\/obecnosc-w-mediach-spolecznosciowych-a-poszukiwanie-pracy\/","title":{"rendered":"Obecno\u015b\u0107 w mediach spo\u0142eczno\u015bciowych, a poszukiwanie pracy"},"content":{"rendered":"\n<p>Czy na pewno zdajesz sobie spraw\u0119, jak bardzo Tw\u00f3j wizerunek w Internecie i mediach spo\u0142eczno\u015bciowych wp\u0142ywa na znalezienie pracy? Social Media s\u0105 obecnie \u017ar\u00f3d\u0142em informacji o ka\u017cdym z nas nie tylko dla bli\u017cszych lub dalszych znajomych, ale tak\u017ce dla pracodawc\u00f3w. Pami\u0119taj, \u017ce to, jakie informacje potencjalny pracodawca mo\u017ce znale\u017a\u0107 o Tobie w Internecie mo\u017ce wp\u0142yn\u0105\u0107 na jego decyzj\u0119 o zatrudnieniu jeszcze zanim b\u0119dziesz mia\u0142 okazj\u0119 zaprezentowa\u0107 swoj\u0105 osob\u0119 podczas rozmowy rekrutacyjnej. Radzimy na co zwr\u00f3ci\u0107 szczeg\u00f3ln\u0105 uwag\u0119, aby nie odpa\u015b\u0107 z rekrutacji jeszcze w przedbiegach, a co mo\u017ce Ci\u0119 pozytywnie wyr\u00f3\u017cni\u0107.<\/p>\n\n\n\n<div class=\"wp-block-image\"><figure class=\"aligncenter size-large is-resized\"><img loading=\"lazy\" decoding=\"async\" src=\"http:\/\/kariera.wlodkowic.pl\/wp-content\/uploads\/2021\/04\/Obecnosc-w-mediach-spolecznosciowych-a-poszukiwanie-pracy..jpg\" alt=\"\" class=\"wp-image-1361\" width=\"669\" height=\"402\"\/><\/figure><\/div>\n\n\n\n<p><strong>Wyszukaj siebie&nbsp;<\/strong>\u2013 istnieje bardzo du\u017ce prawdopodobie\u0144stwo, \u017ce Tw\u00f3j potencjalny pracodawca wpisze Twoje imi\u0119 i nazwisko w okienko wyszukiwarki. Czy na pewno wiesz co uka\u017ce si\u0119 jego oczom po klikni\u0119ciu w przycisk \u2018szukaj\u2019? Sprawd\u017a to. Je\u015bli oka\u017ce si\u0119, \u017ce tre\u015bci, kt\u00f3re si\u0119 pojawi\u0105 nie s\u0105 tym, czym chcia\u0142by\u015b si\u0119 pochwali\u0107 \u2013 spr\u00f3buj je usun\u0105\u0107 lub skorygowa\u0107. Je\u015bli nie jest to mo\u017cliwe, a Twoja kandydatura mimo to zainteresuje pracodawc\u0119 &#8211; b\u0119dziesz m\u00f3g\u0142 przygotowa\u0107 si\u0119 na wyja\u015bnienie ewentualnych niewygodnych tre\u015bci. Pami\u0119taj, dobre przygotowanie do rozmowy jest bardzo wa\u017cne, a im mniej pyta\u0144 b\u0119dzie Ci\u0119 w stanie zaskoczy\u0107, tym lepiej wypadniesz w oczach osoby rekrutuj\u0105cej.<\/p>\n\n\n\n<p><em>Uwaga! Pami\u0119taj o tym, \u017ce pod danym has\u0142em opr\u00f3cz tre\u015bci kryj\u0105 si\u0119 r\u00f3wnie\u017c zdj\u0119cia i filmy. Sprawd\u017a wszystkie opcje wyszukiwania.<\/em><\/p>\n\n\n\n<p><strong>Media spo\u0142eczno\u015bciowe<\/strong> &#8211; kolejnym krokiem jest analiza swoich profili w Social Mediach. Wi\u0119kszo\u015b\u0107 z nich, tak jak konto na Facebooku, daje mo\u017cliwo\u015b\u0107 wybierania tre\u015bci, kt\u00f3re wy\u015bwietlaj\u0105 si\u0119 konkretnym osobom czy grupom os\u00f3b oraz ustawienia konta publicznego i prywatnego. Pami\u0119taj o ustawieniach prywatno\u015bci. Usu\u0144 lub przynajmniej ukryj to, co mog\u0142oby Ci\u0119 oddali\u0107 od zdobycia wymarzonej pracy. Ustaw konieczno\u015b\u0107 zatwierdzania zdj\u0119\u0107 lub post\u00f3w, w kt\u00f3rych jeste\u015b oznaczany przez innych, dzi\u0119ki temu b\u0119dziesz kontrolowa\u0142 to co pojawi si\u0119 na Twoim profilu. Facebook daje obecnie wiele mo\u017cliwo\u015bci indywidualnych ustawie\u0144 &#8211; wykorzystaj to i stw\u00f3rz sw\u00f3j wizerunek, kt\u00f3ry zach\u0119ci pracodawc\u0119 do zatrudnienia w\u0142a\u015bnie Ciebie.<\/p>\n\n\n\n<p><em>Uwaga! Nie oznacza to, \u017ce Tw\u00f3j profil musi by\u0107 sztywny \u2013 b\u0105d\u017a naturalny, ale wyeksponuj to co warto\u015bciowe i ciekawe a ukryj to co mo\u017ce zaszkodzi\u0107.<\/em><\/p>\n\n\n\n<p><strong>Co konkretnie powinni\u015bmy ukrywa\u0107 a co eksponowa\u0107?<\/strong><\/p>\n\n\n\n<p>Na to pytanie nie ma jednoznacznej odpowiedzi. Wszystko zale\u017cy od tego, na jakie stanowisko si\u0119 kandyduje, w jakiej bran\u017cy oraz jaka osobowo\u015b\u0107 b\u0119dzie mile widziana w strukturach danej firmy. Ka\u017cdy przypadek jest indywidualny. Je\u015bli jeste\u015b pocz\u0105tkuj\u0105cym dziennikarzem warto publikowa\u0107 swoje komentarze, wypowiedzi, relacje z wydarze\u0144, w szczeg\u00f3lno\u015bci je\u015bli ciesz\u0105 si\u0119 popularno\u015bci\u0105 w\u015br\u00f3d odbiorc\u00f3w czy te\u017c sk\u0142aniaj\u0105 ich do ciekawych dyskusji. Je\u015bli kandydujesz na stanowisko w zawodzie zaufania spo\u0142ecznego Twoje wypowiedzi i relacje z \u017cycia codziennego powinny by\u0107 wywa\u017cone, unikaj infantylnych wpis\u00f3w, kt\u00f3re mog\u0105 nawet pozornie podwa\u017ca\u0107 Twoje kompetencje. Je\u015bli natomiast startujesz na stanowisko Social Media Managera nawet codzienne wpisy o tym co zjad\u0142e\u015b na \u015bniadanie mog\u0105 by\u0107 po\u017c\u0105dane \u2013 wa\u017cne je\u015bli wzbudzaj\u0105 zaanga\u017cowanie innych.<\/p>\n\n\n\n<p><strong>Czy sam by\u015b si\u0119 zatrudni\u0142?<\/strong>&nbsp;\u2013 Zadaj sobie to kluczowe pytanie ju\u017c na samym pocz\u0105tku poszukiwania pracy. Od tworzenia CV, poprzez Tw\u00f3j wizerunek w Internecie, a\u017c po rozmowy kwalifikacyjne spr\u00f3buj popatrze\u0107 na swoj\u0105 osob\u0119 z perspektywy pracodawcy. Je\u015bli pracodawca szuka osoby \u0142atwo nawi\u0105zuj\u0105cej kontakty, z pewno\u015bci\u0105 nie pomo\u017ce Ci przynale\u017cno\u015b\u0107 do grupy \u201eNie lubi\u0119 ludzi\u201d lub je\u015bli szuka osoby punktualnej i odpowiedzialnej lepiej zrezygnuj z publikowania na profilu publicznym zdj\u0119\u0107 z ca\u0142onocnej imprezy z niedzieli na poniedzia\u0142ek. Pami\u0119taj jednak, \u017ce co\u015b co w jednym przypadku mo\u017ce by\u0107 Twoj\u0105 wad\u0105 w innym b\u0119dzie zalet\u0105. Wszystko zale\u017cy od rodzaju pracy jakiej szukasz. W przypadku rekrutacji na stanowisko Event Managera zdj\u0119cia z cz\u0119stych imprez i spotka\u0144 towarzyskich mog\u0105 by\u0107 Twoim atutem, a informacja o tym, \u017ce wolisz sp\u0119dza\u0107 pi\u0105tkowe wieczory z ksi\u0105\u017ck\u0105 pod ciep\u0142ym kocem dyskwalifikacj\u0105.<\/p>\n\n\n\n<p>Umiej\u0119tne zarz\u0105dzanie swoimi profilami w mediach spo\u0142eczno\u015bciowych mo\u017ce przynie\u015b\u0107 wiele korzy\u015bci, dlatego po\u015bwi\u0119\u0107 chwil\u0119 na ich uporz\u0105dkowanie a Twoje szanse na zdobycie wymarzonej pracy z pewno\u015bci\u0105 wzrosn\u0105.<\/p>\n\n\n\n<p class=\"has-small-font-size\">Artyku\u0142 powsta\u0142 we wsp\u00f3\u0142pracy z mi\u0119dzynarodowym portalem pracy velvetjobs.com [<a href=\"https:\/\/www.velvetjobs.com\/\" target=\"_blank\" rel=\"noreferrer noopener\">https:\/\/www.velvetjobs.com\/<\/a>] oferuj\u0105cym og\u0142oszenia pracy z ca\u0142ego \u015bwiata jak r\u00f3wnie\u017c z Polski [<a href=\"https:\/\/www.velvetjobs.com\/job\" target=\"_blank\" rel=\"noreferrer noopener\">https:\/\/www.velvetjobs.com\/job<\/a>], konfigurator CV oraz baz\u0119 wiedzy na temat poszukiwania pracy.<\/p>\n","protected":false},"excerpt":{"rendered":"<p>Czy na pewno zdajesz sobie spraw\u0119, jak bardzo Tw\u00f3j wizerunek w Internecie i mediach spo\u0142eczno\u015bciowych wp\u0142ywa na znalezienie pracy? Social Media s\u0105 obecnie \u017ar\u00f3d\u0142em informacji o ka\u017cdym z nas nie tylko dla bli\u017cszych lub dalszych znajomych, ale tak\u017ce dla pracodawc\u00f3w. <span class=\"readmore\"><a href=\"https:\/\/kariera.wlodkowic.pl\/index.php\/obecnosc-w-mediach-spolecznosciowych-a-poszukiwanie-pracy\/\">Czytaj dalej<\/a><\/span><\/p>\n","protected":false},"author":2,"featured_media":0,"parent":0,"menu_order":0,"comment_status":"closed","ping_status":"closed","template":"","meta":{"footnotes":""},"class_list":["post-1360","page","type-page","status-publish","hentry"],"_links":{"self":[{"href":"https:\/\/kariera.wlodkowic.pl\/index.php\/wp-json\/wp\/v2\/pages\/1360","targetHints":{"allow":["GET"]}}],"collection":[{"href":"https:\/\/kariera.wlodkowic.pl\/index.php\/wp-json\/wp\/v2\/pages"}],"about":[{"href":"https:\/\/kariera.wlodkowic.pl\/index.php\/wp-json\/wp\/v2\/types\/page"}],"author":[{"embeddable":true,"href":"https:\/\/kariera.wlodkowic.pl\/index.php\/wp-json\/wp\/v2\/users\/2"}],"replies":[{"embeddable":true,"href":"https:\/\/kariera.wlodkowic.pl\/index.php\/wp-json\/wp\/v2\/comments?post=1360"}],"version-history":[{"count":3,"href":"https:\/\/kariera.wlodkowic.pl\/index.php\/wp-json\/wp\/v2\/pages\/1360\/revisions"}],"predecessor-version":[{"id":1367,"href":"https:\/\/kariera.wlodkowic.pl\/index.php\/wp-json\/wp\/v2\/pages\/1360\/revisions\/1367"}],"wp:attachment":[{"href":"https:\/\/kariera.wlodkowic.pl\/index.php\/wp-json\/wp\/v2\/media?parent=1360"}],"curies":[{"name":"wp","href":"https:\/\/api.w.org\/{rel}","templated":true}]}}