{"id":1244,"date":"2020-07-30T09:10:34","date_gmt":"2020-07-30T07:10:34","guid":{"rendered":"http:\/\/kariera.wlodkowic.pl\/?page_id=1244"},"modified":"2020-07-30T09:16:34","modified_gmt":"2020-07-30T07:16:34","slug":"kariera-w-finansach-jak-sie-do-niej-przygotowac","status":"publish","type":"page","link":"https:\/\/kariera.wlodkowic.pl\/index.php\/kariera-w-finansach-jak-sie-do-niej-przygotowac\/","title":{"rendered":"Kariera w finansach \u2013 jak si\u0119 do niej przygotowa\u0107?"},"content":{"rendered":"\n<p> <strong>Je\u015bli jeste\u015b zdecydowany na prac\u0119 w finansach, zadbaj o kierunkowe wykszta\u0142cenie. Zdob\u0105d\u017a dyplom presti\u017cowej uczelni, ale nie zapominaj o ci\u0105g\u0142ym rozwijaniu umiej\u0119tno\u015bci. Uzyskaj odpowiednie kwalifikacje, buduj sie\u0107 kontakt\u00f3w i ucz si\u0119 j\u0119zyk\u00f3w obcych, kt\u00f3re mog\u0105 by\u0107 kluczem do mi\u0119dzynarodowej kariery.<\/strong> <\/p>\n\n\n\n<figure class=\"wp-block-image size-large\"><img loading=\"lazy\" decoding=\"async\" width=\"1920\" height=\"1068\" src=\"http:\/\/kariera.wlodkowic.pl\/wp-content\/uploads\/2020\/07\/15.jpg\" alt=\"\" class=\"wp-image-1245\"\/><\/figure>\n\n\n\n<p><strong>Uzyskaj\nkierunkowe wykszta\u0142cenie<\/strong><\/p>\n\n\n\n<p>Zanim zaczniesz pracowa\u0107 jako finansista, musisz zadba\u0107 o merytoryczne przygotowanie do tego zawodu \u2013 kierunkowe studia ekonomiczne to doskona\u0142y wyb\u00f3r. Obecnie wi\u0119kszo\u015b\u0107 polskich uczelni prowadzi rekrutacj\u0119 na specjalizacje zwi\u0105zane z finansami. Warto zdecydowa\u0107 si\u0119 na studia z akredytacj\u0105 ACCA. Dzi\u0119ki temu nie tylko uzyskasz dyplom renomowanej uczelni, ale dodatkowo zadbasz o praktyczne przygotowanie do zawodu. B\u0119dziesz m\u00f3g\u0142 zdawa\u0107 egzaminy ACCA, kt\u00f3re oka\u017c\u0105 si\u0119 przepustk\u0105 do zdobycia wymarzonej posady.<\/p>\n\n\n\n<p><strong>Ucz\nsi\u0119 j\u0119zyk\u00f3w obcych<\/strong>\n<\/p>\n\n\n\n<p>W zawodzie finansisty bardzo przydatna jest znajomo\u015b\u0107 j\u0119zyk\u00f3w obcych. Pracodawcy cz\u0119sto poszukuj\u0105 os\u00f3b biegle pos\u0142uguj\u0105cych si\u0119 angielskim. W tym celu warto zapisa\u0107 si\u0119 na kurs, kt\u00f3ry oka\u017ce si\u0119 niezb\u0119dny tak\u017ce podczas zdawania egzamin\u00f3w ACCA. Warto podkre\u015bli\u0107, \u017ce ju\u017c samo przygotowywanie si\u0119 do nich pomo\u017ce Ci zapozna\u0107 si\u0119 z bran\u017cowym s\u0142ownictwem. Poza podstawowym w finansach j\u0119zykiem angielskim warto wykaza\u0107 si\u0119 znajomo\u015bci\u0105 drugiego j\u0119zyka, na przyk\u0142ad niemieckiego, francuskiego, w\u0142oskiego czy rosyjskiego. <\/p>\n\n\n\n<p><strong>Postaw\nna praktyk\u0119<\/strong><\/p>\n\n\n\n<p>Ju\u017c podczas studi\u00f3w warto zdecydowa\u0107 si\u0119 na odbycie praktyk lub sta\u017cu w firmie z bran\u017cy finansowej. Oferty mo\u017cna sprawdzi\u0107 w uczelnianym biurze karier lub wybra\u0107 si\u0119 na targi pracy, aby zapozna\u0107 si\u0119 z propozycjami wybranych pracodawc\u00f3w. Warto r\u00f3wnie\u017c pami\u0119ta\u0107 o doskonaleniu swoich umiej\u0119tno\u015bci w konkretnej specjalizacji \u2013 ju\u017c w trakcie studi\u00f3w mo\u017cna postawi\u0107 na okre\u015blon\u0105 nisz\u0119 i skupi\u0107 si\u0119 na zdobywaniu do\u015bwiadczenia, na przyk\u0142ad pod k\u0105tem przeprowadzania audyt\u00f3w czy zarz\u0105dzania ryzykiem.<\/p>\n\n\n\n<p>Wi\u0105\u017cesz swoj\u0105 przysz\u0142o\u015b\u0107 z bran\u017c\u0105 finansow\u0105? Zapoznaj si\u0119 z aktualnymi ofertami pracy. <a href=\"https:\/\/www.pracuj.pl\/praca\/finanse%20ekonomia;cc,5008\" target=\"_blank\" rel=\"noreferrer noopener\" aria-label=\" (otwiera si\u0119 na nowej zak\u0142adce)\">https:\/\/www.pracuj.pl\/praca\/finanse%20ekonomia;cc,5008<\/a> <\/p>\n","protected":false},"excerpt":{"rendered":"<p>Je\u015bli jeste\u015b zdecydowany na prac\u0119 w finansach, zadbaj o kierunkowe wykszta\u0142cenie. Zdob\u0105d\u017a dyplom presti\u017cowej uczelni, ale nie zapominaj o ci\u0105g\u0142ym rozwijaniu umiej\u0119tno\u015bci. Uzyskaj odpowiednie kwalifikacje, buduj sie\u0107 kontakt\u00f3w i ucz si\u0119 j\u0119zyk\u00f3w obcych, kt\u00f3re mog\u0105 by\u0107 kluczem do mi\u0119dzynarodowej kariery. <span class=\"readmore\"><a href=\"https:\/\/kariera.wlodkowic.pl\/index.php\/kariera-w-finansach-jak-sie-do-niej-przygotowac\/\">Czytaj dalej<\/a><\/span><\/p>\n","protected":false},"author":2,"featured_media":0,"parent":0,"menu_order":0,"comment_status":"closed","ping_status":"closed","template":"","meta":{"footnotes":""},"class_list":["post-1244","page","type-page","status-publish","hentry"],"_links":{"self":[{"href":"https:\/\/kariera.wlodkowic.pl\/index.php\/wp-json\/wp\/v2\/pages\/1244","targetHints":{"allow":["GET"]}}],"collection":[{"href":"https:\/\/kariera.wlodkowic.pl\/index.php\/wp-json\/wp\/v2\/pages"}],"about":[{"href":"https:\/\/kariera.wlodkowic.pl\/index.php\/wp-json\/wp\/v2\/types\/page"}],"author":[{"embeddable":true,"href":"https:\/\/kariera.wlodkowic.pl\/index.php\/wp-json\/wp\/v2\/users\/2"}],"replies":[{"embeddable":true,"href":"https:\/\/kariera.wlodkowic.pl\/index.php\/wp-json\/wp\/v2\/comments?post=1244"}],"version-history":[{"count":3,"href":"https:\/\/kariera.wlodkowic.pl\/index.php\/wp-json\/wp\/v2\/pages\/1244\/revisions"}],"predecessor-version":[{"id":1249,"href":"https:\/\/kariera.wlodkowic.pl\/index.php\/wp-json\/wp\/v2\/pages\/1244\/revisions\/1249"}],"wp:attachment":[{"href":"https:\/\/kariera.wlodkowic.pl\/index.php\/wp-json\/wp\/v2\/media?parent=1244"}],"curies":[{"name":"wp","href":"https:\/\/api.w.org\/{rel}","templated":true}]}}