{"id":1240,"date":"2020-06-30T08:10:12","date_gmt":"2020-06-30T06:10:12","guid":{"rendered":"http:\/\/kariera.wlodkowic.pl\/?page_id=1240"},"modified":"2020-06-30T08:10:13","modified_gmt":"2020-06-30T06:10:13","slug":"idealny-pracodawca-czyli-jaki","status":"publish","type":"page","link":"https:\/\/kariera.wlodkowic.pl\/index.php\/idealny-pracodawca-czyli-jaki\/","title":{"rendered":"Idealny pracodawca \u2013 czyli jaki ?"},"content":{"rendered":"\n<p><strong><em>Marzysz o stabilnej pracy w przyjemnej atmosferze, kt\u00f3ra zapewni satysfakcjonuj\u0105ce wynagrodzenie i otworzy drzwi do kariery zawodowej? Idealny pracodawca powinien Ci to zapewni\u0107 ! <\/em><\/strong><\/p>\n\n\n\n<figure class=\"wp-block-image size-large\"><img loading=\"lazy\" decoding=\"async\" width=\"3500\" height=\"1676\" src=\"http:\/\/kariera.wlodkowic.pl\/wp-content\/uploads\/2020\/06\/4.jpeg\" alt=\"\" class=\"wp-image-1241\"\/><\/figure>\n\n\n\n<p><strong>Awans\ni mo\u017cliwo\u015b\u0107 ci\u0105g\u0142ego rozwoju <\/strong><\/p>\n\n\n\n<p>Idealny prze\u0142o\u017cony powinien umo\u017cliwia\u0107 swoim pracownikom osi\u0105gni\u0119cie wy\u017cszych szczebli kariery. Wa\u017cne jest to, aby zatrudnieni dobrze znali zasady, kt\u00f3re pozwoli\u0142yby im zdoby\u0107 upragniony awans. Szef powinien r\u00f3wnie\u017c motywowa\u0107 i zach\u0119ca\u0107 pracownik\u00f3w do ci\u0105g\u0142ego rozwoju oraz poszerzania wiedzy i kompetencji, na przyk\u0142ad poprzez udzia\u0142 w kursach i szkoleniach. Dobrze, aby bra\u0142 pod uwag\u0119 potrzeby pracownik\u00f3w, staraj\u0105c si\u0119 znale\u017a\u0107 rozwi\u0105zania dostosowane do ich potrzeb. Przyk\u0142adem mo\u017ce by\u0107 zaproponowanie elastycznego grafiku lub trybu home office, je\u015bli taki system pracy b\u0119dzie mo\u017cliwy do wdro\u017cenia w dziale i b\u0119dzie odpowiada\u0142 zatrudnionym osobom.\u00a0 <\/p>\n\n\n\n<p><strong>Atrakcyjne\nwarunki finansowe<\/strong><\/p>\n\n\n\n<p>Wszystkim zale\u017cy na tym, aby ich wymarzony pracodawca gwarantowa\u0142 im satysfakcjonuj\u0105ce wynagrodzenie. Przed podj\u0119ciem pracy w danej firmie warto zapozna\u0107 si\u0119 z obowi\u0105zuj\u0105cymi stawkami. Istotne jest r\u00f3wnie\u017c, aby pracodawca zapewnia\u0142 swoim pracownikom zatrudnienie w oparciu o korzystne dla wszystkich umowy. <\/p>\n\n\n\n<p><strong>Odpowiednia\natmosfera w firmie<\/strong><\/p>\n\n\n\n<p>Rol\u0105 idealnego szefa powinno by\u0107 zadbanie o przyjazn\u0105 atmosfer\u0119 w firmie. Osoba na tym stanowisku powinna znale\u017a\u0107 czas na rozmow\u0119 z pracownikami, aby dzi\u0119ki temu by\u0107 na bie\u017c\u0105co z ewentualnymi problemami i trudno\u015bciami. Wa\u017cne jest tak\u017ce, aby szef potrafi\u0142 przydziela\u0107 pracownikom zadania dostosowane do ich umiej\u0119tno\u015bci. Kolejne kluczowe zadanie to troska o utrzymanie dobrych relacji mi\u0119dzy pracownikami \u2013 w tym celu prze\u0142o\u017cony mo\u017ce np. organizowa\u0107 spotkania i wyjazdy integracyjne.<\/p>\n\n\n\n<p><strong>Gwarancja\ndodatkowych benefit\u00f3w<\/strong><\/p>\n\n\n\n<p>Obecnie\nwiele firm oferuje swoim pracownikom dodatkowe \u015bwiadczenia, takie jak na\nprzyk\u0142ad dost\u0119p do prywatnej opieki medycznej, mo\u017cliwo\u015b\u0107 korzystania z\ns\u0142u\u017cbowego samochodu czy darmowe posi\u0142ki w pracy. Wymarzony pracodawca dba o\nwprowadzenie benefit\u00f3w, kt\u00f3re s\u0105 odpowiedzi\u0105 na potrzeby zatrudnionych os\u00f3b. <\/p>\n\n\n\n<p>Szukasz\nidealnego pracodawcy? Zapoznaj si\u0119 z aktualnymi ofertami pracy z P\u0142ocka i\nsprawd\u017a, jakie warunki zapewniaj\u0105 firmy z Twojej bran\u017cy: <a href=\"https:\/\/www.pracuj.pl\/praca\/plock;wp\">https:\/\/www.pracuj.pl\/praca\/plock;wp<\/a><\/p>\n","protected":false},"excerpt":{"rendered":"<p>Marzysz o stabilnej pracy w przyjemnej atmosferze, kt\u00f3ra zapewni satysfakcjonuj\u0105ce wynagrodzenie i otworzy drzwi do kariery zawodowej? Idealny pracodawca powinien Ci to zapewni\u0107 ! Awans i mo\u017cliwo\u015b\u0107 ci\u0105g\u0142ego rozwoju Idealny prze\u0142o\u017cony powinien umo\u017cliwia\u0107 swoim pracownikom osi\u0105gni\u0119cie wy\u017cszych szczebli kariery. Wa\u017cne <span class=\"readmore\"><a href=\"https:\/\/kariera.wlodkowic.pl\/index.php\/idealny-pracodawca-czyli-jaki\/\">Czytaj dalej<\/a><\/span><\/p>\n","protected":false},"author":2,"featured_media":0,"parent":0,"menu_order":0,"comment_status":"closed","ping_status":"closed","template":"","meta":{"footnotes":""},"class_list":["post-1240","page","type-page","status-publish","hentry"],"_links":{"self":[{"href":"https:\/\/kariera.wlodkowic.pl\/index.php\/wp-json\/wp\/v2\/pages\/1240","targetHints":{"allow":["GET"]}}],"collection":[{"href":"https:\/\/kariera.wlodkowic.pl\/index.php\/wp-json\/wp\/v2\/pages"}],"about":[{"href":"https:\/\/kariera.wlodkowic.pl\/index.php\/wp-json\/wp\/v2\/types\/page"}],"author":[{"embeddable":true,"href":"https:\/\/kariera.wlodkowic.pl\/index.php\/wp-json\/wp\/v2\/users\/2"}],"replies":[{"embeddable":true,"href":"https:\/\/kariera.wlodkowic.pl\/index.php\/wp-json\/wp\/v2\/comments?post=1240"}],"version-history":[{"count":1,"href":"https:\/\/kariera.wlodkowic.pl\/index.php\/wp-json\/wp\/v2\/pages\/1240\/revisions"}],"predecessor-version":[{"id":1242,"href":"https:\/\/kariera.wlodkowic.pl\/index.php\/wp-json\/wp\/v2\/pages\/1240\/revisions\/1242"}],"wp:attachment":[{"href":"https:\/\/kariera.wlodkowic.pl\/index.php\/wp-json\/wp\/v2\/media?parent=1240"}],"curies":[{"name":"wp","href":"https:\/\/api.w.org\/{rel}","templated":true}]}}